{"id":3857,"date":"2026-02-09T09:43:02","date_gmt":"2026-02-09T08:43:02","guid":{"rendered":"https:\/\/sunboat.site\/?page_id=3857"},"modified":"2026-03-26T14:52:05","modified_gmt":"2026-03-26T13:52:05","slug":"polityka-prywatnosci","status":"publish","type":"page","link":"https:\/\/sunboat.site\/en\/polityka-prywatnosci\/","title":{"rendered":"Privacy Policy"},"content":{"rendered":"<div data-elementor-type=\"wp-page\" data-elementor-id=\"3857\" class=\"elementor elementor-3857\" data-elementor-post-type=\"page\">\n\t\t\t\t\t\t<section class=\"elementor-section elementor-top-section elementor-element elementor-element-23a09e8 elementor-section-boxed elementor-section-height-default elementor-section-height-default rael-particle-no tmpcoder-jarallax-no tmpcoder-parallax-no tmpcoder-particle-no tmpcoder-sticky-section-no\" data-id=\"23a09e8\" data-element_type=\"section\" data-e-type=\"section\" data-settings=\"{&quot;rae_animations_entrance&quot;:&quot;none&quot;}\">\n\t\t\t\t\t\t<div class=\"elementor-container elementor-column-gap-default\">\n\t\t\t\t\t<div class=\"elementor-column elementor-col-100 elementor-top-column elementor-element elementor-element-c4476df rael-particle-no\" data-id=\"c4476df\" data-element_type=\"column\" data-e-type=\"column\">\n\t\t\t<div class=\"elementor-widget-wrap elementor-element-populated\">\n\t\t\t\t\t\t<div class=\"elementor-element elementor-element-2f256fd elementor-widget elementor-widget-heading\" data-id=\"2f256fd\" data-element_type=\"widget\" data-e-type=\"widget\" data-widget_type=\"heading.default\">\n\t\t\t\t<div class=\"elementor-widget-container\">\n\t\t\t\t\t<h2 class=\"elementor-heading-title elementor-size-default\">Privacy Policy<\/h2>\t\t\t\t<\/div>\n\t\t\t\t<\/div>\n\t\t\t\t\t<\/div>\n\t\t<\/div>\n\t\t\t\t\t<\/div>\n\t\t<\/section>\n\t\t\t\t<section class=\"elementor-section elementor-top-section elementor-element elementor-element-2078ada elementor-section-boxed elementor-section-height-default elementor-section-height-default rael-particle-no tmpcoder-jarallax-no tmpcoder-parallax-no tmpcoder-particle-no tmpcoder-sticky-section-no\" data-id=\"2078ada\" data-element_type=\"section\" data-e-type=\"section\" data-settings=\"{&quot;rae_animations_entrance&quot;:&quot;none&quot;}\">\n\t\t\t\t\t\t<div class=\"elementor-container elementor-column-gap-default\">\n\t\t\t\t\t<div class=\"elementor-column elementor-col-100 elementor-top-column elementor-element elementor-element-9be3e78 rael-particle-no\" data-id=\"9be3e78\" data-element_type=\"column\" data-e-type=\"column\">\n\t\t\t<div class=\"elementor-widget-wrap elementor-element-populated\">\n\t\t\t\t\t\t<div class=\"elementor-element elementor-element-2b13050 elementor-widget elementor-widget-text-editor\" data-id=\"2b13050\" data-element_type=\"widget\" data-e-type=\"widget\" data-widget_type=\"text-editor.default\">\n\t\t\t\t<div class=\"elementor-widget-container\">\n\t\t\t\t\t\t\t\t\t<p class=\"priv-headings\">\u00a71 Data administrator.<br \/>The administrator of your personal data is: Andrzej Karalus \"Sun Boat\", ul. Powidzka 16, 62-300 Gutowo Ma\u0142e.\u00a0<\/p><p>\u00a72 What data we collect.<br \/>On sunboat.site, we collect personal data only when you complete the contact form: name, email address, message content (and optionally, other data you provide in the form). We do not collect any other personal data or track users using cookies (apart from technical cookies necessary for the site to function).<\/p><p>\u00a73 Purpose of data processing.<br \/>Data collected in the contact form is used only to respond to your message or to contact you regarding inquiries about our services.\u00a0<\/p><p>\u00a74 Legal basis for processing.<br \/>We process your data on the basis of Article 6(1)(a) of the GDPR \u2013 i.e. your consent expressed by submitting the form.<\/p><p>\u00a75 Data sharing.<br \/>We do not share your personal data with third parties unless this is necessary to process your inquiry (e.g. telephone contact by a courier company) or required by law.<\/p><p>\u00a76 Data storage period.\u00a0<br \/>We only store your personal data for as long as necessary to fulfill our purpose, which is to respond to your messages. Once the correspondence is concluded, the data may be deleted.<\/p><p>\u00a77 Your rights.<br \/>You have the right to access your data, correct it and withdraw your consent at any time.\u00a0<br \/><br \/>\u00a78 Cookies.\u00a0<br \/>Our website uses cookies, which can be divided into: <br \/>a) Technical cookies \u2013 necessary for the operation of the website and the contact form, e.g. maintaining the session in the form, remembering page settings. <br \/>b) Marketing\/remarketing cookies \u2013 used for the purpose of: displaying personalised advertisements, remarketing in advertising networks (Google Ads, Facebook Ads, etc.), analyzing the effectiveness of marketing campaigns.<br \/><br \/>\u00a79 Consent to cookies.<br \/>By using this website, you consent to the use of marketing cookies. Technical cookies are essential and always enabled. You can change your cookie preferences at any time in your browser settings or on the website.<br \/><br \/>\u00a710 How to manage cookies.\u00a0<br \/>Most browsers allow you to manage cookies \u2013 you can delete or block them. Blocking technical cookies may prevent the form from functioning properly.<br \/><br \/>\u00a711 Contact.\u00a0<br \/>In matters related to the processing of personal data or cookies, please contact: hello@sunboat.site<\/p><p>\u00a0<\/p>\t\t\t\t\t\t\t\t<\/div>\n\t\t\t\t<\/div>\n\t\t\t\t\t<\/div>\n\t\t<\/div>\n\t\t\t\t\t<\/div>\n\t\t<\/section>\n\t\t\t\t<\/div>","protected":false},"excerpt":{"rendered":"<p>Polityka prywatno\u015bci \u00a71 Administrator danych.Administratorem Twoich danych osobowych jest: Andrzej Karalus &#8222;Sun Boat&#8221;, ul. Powidzka 16, 62-300 Gutowo ma\u0142e.\u00a0 \u00a72 Jakie dane zbieramy.Na stronie sunboat.site zbieramy dane osobowe wy\u0142\u0105cznie wtedy, gdy wype\u0142niasz formularz kontaktowy: imi\u0119, adres e-mail, tre\u015b\u0107 wiadomo\u015bci (opcjonalnie inne dane, kt\u00f3re podasz w formularzu). Nie zbieramy innych danych osobowych ani nie \u015bledzimy u\u017cytkownik\u00f3w [&hellip;]<\/p>\n","protected":false},"author":4,"featured_media":0,"parent":0,"menu_order":0,"comment_status":"closed","ping_status":"closed","template":"","meta":{"inline_featured_image":false,"site-sidebar-layout":"no-sidebar","site-content-layout":"page-builder","ast-site-content-layout":"full-width-container","site-content-style":"default","site-sidebar-style":"default","ast-global-header-display":"","ast-banner-title-visibility":"","ast-main-header-display":"","ast-hfb-above-header-display":"","ast-hfb-below-header-display":"","ast-hfb-mobile-header-display":"","site-post-title":"","ast-breadcrumbs-content":"","ast-featured-img":"disabled","footer-sml-layout":"","ast-disable-related-posts":"","theme-transparent-header-meta":"","adv-header-id-meta":"","stick-header-meta":"","header-above-stick-meta":"","header-main-stick-meta":"","header-below-stick-meta":"","astra-migrate-meta-layouts":"set","ast-page-background-enabled":"default","ast-page-background-meta":{"desktop":{"background-color":"","background-image":"","background-repeat":"repeat","background-position":"center center","background-size":"auto","background-attachment":"scroll","background-type":"","background-media":"","overlay-type":"","overlay-color":"","overlay-opacity":"","overlay-gradient":""},"tablet":{"background-color":"","background-image":"","background-repeat":"repeat","background-position":"center center","background-size":"auto","background-attachment":"scroll","background-type":"","background-media":"","overlay-type":"","overlay-color":"","overlay-opacity":"","overlay-gradient":""},"mobile":{"background-color":"","background-image":"","background-repeat":"repeat","background-position":"center center","background-size":"auto","background-attachment":"scroll","background-type":"","background-media":"","overlay-type":"","overlay-color":"","overlay-opacity":"","overlay-gradient":""}},"ast-content-background-meta":{"desktop":{"background-color":"var(--ast-global-color-5)","background-image":"","background-repeat":"repeat","background-position":"center center","background-size":"auto","background-attachment":"scroll","background-type":"","background-media":"","overlay-type":"","overlay-color":"","overlay-opacity":"","overlay-gradient":""},"tablet":{"background-color":"var(--ast-global-color-5)","background-image":"","background-repeat":"repeat","background-position":"center center","background-size":"auto","background-attachment":"scroll","background-type":"","background-media":"","overlay-type":"","overlay-color":"","overlay-opacity":"","overlay-gradient":""},"mobile":{"background-color":"var(--ast-global-color-5)","background-image":"","background-repeat":"repeat","background-position":"center center","background-size":"auto","background-attachment":"scroll","background-type":"","background-media":"","overlay-type":"","overlay-color":"","overlay-opacity":"","overlay-gradient":""}},"footnotes":""},"class_list":["post-3857","page","type-page","status-publish","hentry"],"yoast_head":"<!-- This site is optimized with the Yoast SEO plugin v27.4 - https:\/\/yoast.com\/product\/yoast-seo-wordpress\/ -->\n<title>Polityka prywatno\u015bci - Sun Boat<\/title>\n<meta name=\"robots\" content=\"index, follow, max-snippet:-1, max-image-preview:large, max-video-preview:-1\" \/>\n<link rel=\"canonical\" href=\"https:\/\/sunboat.site\/en\/polityka-prywatnosci\/\" \/>\n<meta property=\"og:locale\" content=\"en_GB\" \/>\n<meta property=\"og:type\" content=\"article\" \/>\n<meta property=\"og:title\" content=\"Polityka prywatno\u015bci - Sun Boat\" \/>\n<meta property=\"og:description\" content=\"Polityka prywatno\u015bci \u00a71 Administrator danych.Administratorem Twoich danych osobowych jest: Andrzej Karalus &#8222;Sun Boat&#8221;, ul. Powidzka 16, 62-300 Gutowo ma\u0142e.\u00a0 \u00a72 Jakie dane zbieramy.Na stronie sunboat.site zbieramy dane osobowe wy\u0142\u0105cznie wtedy, gdy wype\u0142niasz formularz kontaktowy: imi\u0119, adres e-mail, tre\u015b\u0107 wiadomo\u015bci (opcjonalnie inne dane, kt\u00f3re podasz w formularzu). Nie zbieramy innych danych osobowych ani nie \u015bledzimy u\u017cytkownik\u00f3w [&hellip;]\" \/>\n<meta property=\"og:url\" content=\"https:\/\/sunboat.site\/en\/polityka-prywatnosci\/\" \/>\n<meta property=\"og:site_name\" content=\"Sun Boat\" \/>\n<meta property=\"article:publisher\" content=\"https:\/\/www.facebook.com\/profile.php?id=100067520797070\" \/>\n<meta property=\"article:modified_time\" content=\"2026-03-26T13:52:05+00:00\" \/>\n<meta name=\"twitter:card\" content=\"summary_large_image\" \/>\n<meta name=\"twitter:label1\" content=\"Estimated reading time\" \/>\n\t<meta name=\"twitter:data1\" content=\"2 minutes\" \/>\n<script type=\"application\/ld+json\" class=\"yoast-schema-graph\">{\"@context\":\"https:\\\/\\\/schema.org\",\"@graph\":[{\"@type\":\"WebPage\",\"@id\":\"https:\\\/\\\/sunboat.site\\\/pl\\\/polityka-prywatnosci\\\/\",\"url\":\"https:\\\/\\\/sunboat.site\\\/pl\\\/polityka-prywatnosci\\\/\",\"name\":\"Polityka prywatno\u015bci - Sun Boat\",\"isPartOf\":{\"@id\":\"https:\\\/\\\/sunboat.site\\\/pl\\\/#website\"},\"datePublished\":\"2026-02-09T08:43:02+00:00\",\"dateModified\":\"2026-03-26T13:52:05+00:00\",\"breadcrumb\":{\"@id\":\"https:\\\/\\\/sunboat.site\\\/pl\\\/polityka-prywatnosci\\\/#breadcrumb\"},\"inLanguage\":\"en-GB\",\"potentialAction\":[{\"@type\":\"ReadAction\",\"target\":[\"https:\\\/\\\/sunboat.site\\\/pl\\\/polityka-prywatnosci\\\/\"]}]},{\"@type\":\"BreadcrumbList\",\"@id\":\"https:\\\/\\\/sunboat.site\\\/pl\\\/polityka-prywatnosci\\\/#breadcrumb\",\"itemListElement\":[{\"@type\":\"ListItem\",\"position\":1,\"name\":\"Strona g\u0142\u00f3wna\",\"item\":\"https:\\\/\\\/sunboat.site\\\/pl\\\/\"},{\"@type\":\"ListItem\",\"position\":2,\"name\":\"Polityka prywatno\u015bci\"}]},{\"@type\":\"WebSite\",\"@id\":\"https:\\\/\\\/sunboat.site\\\/pl\\\/#website\",\"url\":\"https:\\\/\\\/sunboat.site\\\/pl\\\/\",\"name\":\"Sun Boat\",\"description\":\"Motor\u00f3wki elektryczne z energi\u0105 s\u0142oneczn\u0105\",\"publisher\":{\"@id\":\"https:\\\/\\\/sunboat.site\\\/pl\\\/#organization\"},\"potentialAction\":[{\"@type\":\"SearchAction\",\"target\":{\"@type\":\"EntryPoint\",\"urlTemplate\":\"https:\\\/\\\/sunboat.site\\\/pl\\\/?s={search_term_string}\"},\"query-input\":{\"@type\":\"PropertyValueSpecification\",\"valueRequired\":true,\"valueName\":\"search_term_string\"}}],\"inLanguage\":\"en-GB\"},{\"@type\":\"Organization\",\"@id\":\"https:\\\/\\\/sunboat.site\\\/pl\\\/#organization\",\"name\":\"Sun Boat\",\"alternateName\":\"Sun Boat\",\"url\":\"https:\\\/\\\/sunboat.site\\\/pl\\\/\",\"logo\":{\"@type\":\"ImageObject\",\"inLanguage\":\"en-GB\",\"@id\":\"https:\\\/\\\/sunboat.site\\\/pl\\\/#\\\/schema\\\/logo\\\/image\\\/\",\"url\":\"https:\\\/\\\/sunboat.site\\\/wp-content\\\/uploads\\\/2025\\\/02\\\/cropped-LOGO-1.png\",\"contentUrl\":\"https:\\\/\\\/sunboat.site\\\/wp-content\\\/uploads\\\/2025\\\/02\\\/cropped-LOGO-1.png\",\"width\":550,\"height\":550,\"caption\":\"Sun Boat\"},\"image\":{\"@id\":\"https:\\\/\\\/sunboat.site\\\/pl\\\/#\\\/schema\\\/logo\\\/image\\\/\"},\"sameAs\":[\"https:\\\/\\\/www.facebook.com\\\/profile.php?id=100067520797070\",\"https:\\\/\\\/www.instagram.com\\\/sun_boat_przybrodzin\\\/\"]}]}<\/script>\n<!-- \/ Yoast SEO plugin. -->","yoast_head_json":{"title":"Polityka prywatno\u015bci - Sun Boat","robots":{"index":"index","follow":"follow","max-snippet":"max-snippet:-1","max-image-preview":"max-image-preview:large","max-video-preview":"max-video-preview:-1"},"canonical":"https:\/\/sunboat.site\/en\/polityka-prywatnosci\/","og_locale":"en_GB","og_type":"article","og_title":"Polityka prywatno\u015bci - Sun Boat","og_description":"Polityka prywatno\u015bci \u00a71 Administrator danych.Administratorem Twoich danych osobowych jest: Andrzej Karalus &#8222;Sun Boat&#8221;, ul. Powidzka 16, 62-300 Gutowo ma\u0142e.\u00a0 \u00a72 Jakie dane zbieramy.Na stronie sunboat.site zbieramy dane osobowe wy\u0142\u0105cznie wtedy, gdy wype\u0142niasz formularz kontaktowy: imi\u0119, adres e-mail, tre\u015b\u0107 wiadomo\u015bci (opcjonalnie inne dane, kt\u00f3re podasz w formularzu). Nie zbieramy innych danych osobowych ani nie \u015bledzimy u\u017cytkownik\u00f3w [&hellip;]","og_url":"https:\/\/sunboat.site\/en\/polityka-prywatnosci\/","og_site_name":"Sun Boat","article_publisher":"https:\/\/www.facebook.com\/profile.php?id=100067520797070","article_modified_time":"2026-03-26T13:52:05+00:00","twitter_card":"summary_large_image","twitter_misc":{"Estimated reading time":"2 minutes"},"schema":{"@context":"https:\/\/schema.org","@graph":[{"@type":"WebPage","@id":"https:\/\/sunboat.site\/pl\/polityka-prywatnosci\/","url":"https:\/\/sunboat.site\/pl\/polityka-prywatnosci\/","name":"Polityka prywatno\u015bci - Sun Boat","isPartOf":{"@id":"https:\/\/sunboat.site\/pl\/#website"},"datePublished":"2026-02-09T08:43:02+00:00","dateModified":"2026-03-26T13:52:05+00:00","breadcrumb":{"@id":"https:\/\/sunboat.site\/pl\/polityka-prywatnosci\/#breadcrumb"},"inLanguage":"en-GB","potentialAction":[{"@type":"ReadAction","target":["https:\/\/sunboat.site\/pl\/polityka-prywatnosci\/"]}]},{"@type":"BreadcrumbList","@id":"https:\/\/sunboat.site\/pl\/polityka-prywatnosci\/#breadcrumb","itemListElement":[{"@type":"ListItem","position":1,"name":"Strona g\u0142\u00f3wna","item":"https:\/\/sunboat.site\/pl\/"},{"@type":"ListItem","position":2,"name":"Polityka prywatno\u015bci"}]},{"@type":"WebSite","@id":"https:\/\/sunboat.site\/pl\/#website","url":"https:\/\/sunboat.site\/pl\/","name":"Sun Boat","description":"Electric motorboats with solar energy","publisher":{"@id":"https:\/\/sunboat.site\/pl\/#organization"},"potentialAction":[{"@type":"SearchAction","target":{"@type":"EntryPoint","urlTemplate":"https:\/\/sunboat.site\/pl\/?s={search_term_string}"},"query-input":{"@type":"PropertyValueSpecification","valueRequired":true,"valueName":"search_term_string"}}],"inLanguage":"en-GB"},{"@type":"Organization","@id":"https:\/\/sunboat.site\/pl\/#organization","name":"Sun Boat","alternateName":"Sun Boat","url":"https:\/\/sunboat.site\/pl\/","logo":{"@type":"ImageObject","inLanguage":"en-GB","@id":"https:\/\/sunboat.site\/pl\/#\/schema\/logo\/image\/","url":"https:\/\/sunboat.site\/wp-content\/uploads\/2025\/02\/cropped-LOGO-1.png","contentUrl":"https:\/\/sunboat.site\/wp-content\/uploads\/2025\/02\/cropped-LOGO-1.png","width":550,"height":550,"caption":"Sun Boat"},"image":{"@id":"https:\/\/sunboat.site\/pl\/#\/schema\/logo\/image\/"},"sameAs":["https:\/\/www.facebook.com\/profile.php?id=100067520797070","https:\/\/www.instagram.com\/sun_boat_przybrodzin\/"]}]}},"_links":{"self":[{"href":"https:\/\/sunboat.site\/en\/wp-json\/wp\/v2\/pages\/3857","targetHints":{"allow":["GET"]}}],"collection":[{"href":"https:\/\/sunboat.site\/en\/wp-json\/wp\/v2\/pages"}],"about":[{"href":"https:\/\/sunboat.site\/en\/wp-json\/wp\/v2\/types\/page"}],"author":[{"embeddable":true,"href":"https:\/\/sunboat.site\/en\/wp-json\/wp\/v2\/users\/4"}],"replies":[{"embeddable":true,"href":"https:\/\/sunboat.site\/en\/wp-json\/wp\/v2\/comments?post=3857"}],"version-history":[{"count":12,"href":"https:\/\/sunboat.site\/en\/wp-json\/wp\/v2\/pages\/3857\/revisions"}],"predecessor-version":[{"id":4721,"href":"https:\/\/sunboat.site\/en\/wp-json\/wp\/v2\/pages\/3857\/revisions\/4721"}],"wp:attachment":[{"href":"https:\/\/sunboat.site\/en\/wp-json\/wp\/v2\/media?parent=3857"}],"curies":[{"name":"wp","href":"https:\/\/api.w.org\/{rel}","templated":true}]}} 