{"id":1737,"date":"2024-01-26T11:40:39","date_gmt":"2024-01-26T10:40:39","guid":{"rendered":"https:\/\/sunboat.site\/?page_id=1737"},"modified":"2026-02-05T12:23:49","modified_gmt":"2026-02-05T11:23:49","slug":"oferta","status":"publish","type":"page","link":"https:\/\/sunboat.site\/pl\/oferta\/","title":{"rendered":"Oferta"},"content":{"rendered":"\t\t<div data-elementor-type=\"wp-page\" data-elementor-id=\"1737\" class=\"elementor elementor-1737\" data-elementor-post-type=\"page\">\n\t\t\t\t\t\t<section class=\"elementor-section elementor-top-section elementor-element elementor-element-2d0d7c9 elementor-section-boxed elementor-section-height-default elementor-section-height-default rael-particle-no tmpcoder-jarallax-no tmpcoder-parallax-no tmpcoder-particle-no tmpcoder-sticky-section-no\" data-id=\"2d0d7c9\" data-element_type=\"section\" data-e-type=\"section\" data-settings=\"{&quot;rae_animations_entrance&quot;:&quot;none&quot;}\">\n\t\t\t\t\t\t<div class=\"elementor-container elementor-column-gap-default\">\n\t\t\t\t\t<div class=\"elementor-column elementor-col-100 elementor-top-column elementor-element elementor-element-460acab rael-particle-no\" data-id=\"460acab\" data-element_type=\"column\" data-e-type=\"column\">\n\t\t\t<div class=\"elementor-widget-wrap elementor-element-populated\">\n\t\t\t\t\t\t<div class=\"elementor-element elementor-element-56558be elementor-widget elementor-widget-heading\" data-id=\"56558be\" data-element_type=\"widget\" data-e-type=\"widget\" data-widget_type=\"heading.default\">\n\t\t\t\t<div class=\"elementor-widget-container\">\n\t\t\t\t\t<h2 class=\"elementor-heading-title elementor-size-default\">Kontakt<\/h2>\t\t\t\t<\/div>\n\t\t\t\t<\/div>\n\t\t\t\t\t<\/div>\n\t\t<\/div>\n\t\t\t\t\t<\/div>\n\t\t<\/section>\n\t\t\t\t<section class=\"elementor-section elementor-top-section elementor-element elementor-element-4ad0b4e elementor-section-boxed elementor-section-height-default elementor-section-height-default rael-particle-no tmpcoder-jarallax-no tmpcoder-parallax-no tmpcoder-particle-no tmpcoder-sticky-section-no\" data-id=\"4ad0b4e\" data-element_type=\"section\" data-e-type=\"section\" data-settings=\"{&quot;background_background&quot;:&quot;classic&quot;,&quot;rae_animations_entrance&quot;:&quot;none&quot;}\">\n\t\t\t\t\t\t<div class=\"elementor-container elementor-column-gap-no\">\n\t\t\t\t\t<div class=\"elementor-column elementor-col-50 elementor-top-column elementor-element elementor-element-0cb55a6 rael-particle-no\" data-id=\"0cb55a6\" data-element_type=\"column\" data-e-type=\"column\">\n\t\t\t<div class=\"elementor-widget-wrap elementor-element-populated\">\n\t\t\t\t\t\t<div class=\"elementor-element elementor-element-7772506 elementor-widget__width-initial elementor-widget elementor-widget-heading\" data-id=\"7772506\" data-element_type=\"widget\" data-e-type=\"widget\" data-widget_type=\"heading.default\">\n\t\t\t\t<div class=\"elementor-widget-container\">\n\t\t\t\t\t<h2 class=\"elementor-heading-title elementor-size-default\">Spersonalizowane \u0141odzie na Zam\u00f3wienie \n\u2013 Skontaktuj si\u0119 z Nami<\/h2>\t\t\t\t<\/div>\n\t\t\t\t<\/div>\n\t\t\t\t<section class=\"elementor-section elementor-inner-section elementor-element elementor-element-4306f47 elementor-section-boxed elementor-section-height-default elementor-section-height-default rael-particle-no tmpcoder-jarallax-no tmpcoder-parallax-no tmpcoder-particle-no tmpcoder-sticky-section-no\" data-id=\"4306f47\" data-element_type=\"section\" data-e-type=\"section\" data-settings=\"{&quot;rae_animations_entrance&quot;:&quot;none&quot;}\">\n\t\t\t\t\t\t<div class=\"elementor-container elementor-column-gap-default\">\n\t\t\t\t\t<div class=\"elementor-column elementor-col-100 elementor-inner-column elementor-element elementor-element-8bf9f58 rael-particle-no\" data-id=\"8bf9f58\" data-element_type=\"column\" data-e-type=\"column\">\n\t\t\t<div class=\"elementor-widget-wrap elementor-element-populated\">\n\t\t\t\t\t\t<div class=\"elementor-element elementor-element-2cd31cc elementor-widget__width-initial elementor-widget elementor-widget-text-editor\" data-id=\"2cd31cc\" data-element_type=\"widget\" data-e-type=\"widget\" data-widget_type=\"text-editor.default\">\n\t\t\t\t<div class=\"elementor-widget-container\">\n\t\t\t\t\t\t\t\t\t<p>W obecnej chwili wi\u0119kszo\u015b\u0107 naszych \u0142odzi jest produkowana na zam\u00f3wienie, co niestety wyklucza mo\u017cliwo\u015b\u0107 zakupu online.<\/p><p>Aby skorzysta\u0107 z naszej oferty i dostosowa\u0107 motor\u00f3wk\u0119 do w\u0142asnych oczekiwa\u0144, serdecznie zach\u0119camy do skontaktowania si\u0119 z nami poprzez formularz. Prosimy o przekazanie informacji odno\u015bnie tego, jakie konkretne \u0142odzie Ci\u0119 interesuj\u0105, a my przygotujemy dla Ciebie pe\u0142niejsz\u0105 ofert\u0119.<br \/><br \/>Mo\u017cesz r\u00f3wnie\u017c skontaktowa\u0107 si\u0119 z nami telefonicznie, dzwoni\u0105c pod podany numer: +48 885 845 055.<br \/><br \/>Dzi\u0119kujemy za zainteresowanie i do zobaczenia!<\/p>\t\t\t\t\t\t\t\t<\/div>\n\t\t\t\t<\/div>\n\t\t\t\t\t<\/div>\n\t\t<\/div>\n\t\t\t\t\t<\/div>\n\t\t<\/section>\n\t\t\t\t\t<\/div>\n\t\t<\/div>\n\t\t\t\t<div class=\"elementor-column elementor-col-50 elementor-top-column elementor-element elementor-element-bb2fbd6 rael-particle-no\" data-id=\"bb2fbd6\" data-element_type=\"column\" data-e-type=\"column\">\n\t\t\t<div class=\"elementor-widget-wrap elementor-element-populated\">\n\t\t\t\t\t\t<div class=\"elementor-element elementor-element-4931b90 elementor-widget elementor-widget-wpforms\" data-id=\"4931b90\" data-element_type=\"widget\" data-e-type=\"widget\" data-widget_type=\"wpforms.default\">\n\t\t\t\t<div class=\"elementor-widget-container\">\n\t\t\t\t\t<div class=\"wpforms-container wpforms-container-full wpforms-render-modern\" id=\"wpforms-370\"><form id=\"wpforms-form-370\" class=\"wpforms-validate wpforms-form\" data-formid=\"370\" method=\"post\" enctype=\"multipart\/form-data\" action=\"\/pl\/wp-json\/wp\/v2\/pages\/1737\" data-token=\"cac6a996d9a793df881c0470d5a9d477\" data-token-time=\"1776039194\"><noscript class=\"wpforms-error-noscript\">Aby wype\u0142ni\u0107 ten formularz, w\u0142\u0105cz obs\u0142ug\u0119 JavaScript w przegl\u0105darce.<\/noscript><div id=\"wpforms-error-noscript\" style=\"display: none;\">Aby wype\u0142ni\u0107 ten formularz, w\u0142\u0105cz obs\u0142ug\u0119 JavaScript w przegl\u0105darce.<\/div><div class=\"wpforms-field-container\"><div id=\"wpforms-370-field_1-container\" class=\"wpforms-field wpforms-field-email\" data-field-id=\"1\"><label class=\"wpforms-field-label wpforms-label-hide\" for=\"wpforms-370-field_1\" aria-hidden=\"false\">Adres e-mail: <span class=\"wpforms-required-label\" aria-hidden=\"true\">*<\/span><\/label><input type=\"email\" id=\"wpforms-370-field_1\" class=\"wpforms-field-large wpforms-field-required\" name=\"wpforms[fields][1]\" placeholder=\"Adres e-mail\" spellcheck=\"false\" aria-errormessage=\"wpforms-370-field_1-error\" required><\/div><div id=\"wpforms-370-field_11-container\" class=\"wpforms-field wpforms-field-text\" data-field-id=\"11\"><label class=\"wpforms-field-label wpforms-label-hide\" for=\"wpforms-370-field_11\" aria-hidden=\"false\">Temat: <span class=\"wpforms-required-label\" aria-hidden=\"true\">*<\/span><\/label><input type=\"text\" id=\"wpforms-370-field_11\" class=\"wpforms-field-large wpforms-field-required\" name=\"wpforms[fields][11]\" placeholder=\"Temat\" aria-errormessage=\"wpforms-370-field_11-error\" required><\/div><div id=\"wpforms-370-field_5-container\" class=\"wpforms-field wpforms-field-textarea\" data-field-id=\"5\"><label class=\"wpforms-field-label wpforms-label-hide\" for=\"wpforms-370-field_5\" aria-hidden=\"false\">Tre\u015b\u0107: <span class=\"wpforms-required-label\" aria-hidden=\"true\">*<\/span><\/label><textarea id=\"wpforms-370-field_5\" class=\"wpforms-field-large wpforms-field-required\" name=\"wpforms[fields][5]\" placeholder=\"Tre\u015b\u0107\" aria-errormessage=\"wpforms-370-field_5-error\" required><\/textarea><\/div><div id=\"wpforms-370-field_10-container\" class=\"wpforms-field wpforms-field-gdpr-checkbox\" data-field-id=\"10\"><label class=\"wpforms-field-label\">Zgoda RODO <span class=\"wpforms-required-label\" aria-hidden=\"true\">*<\/span><\/label><ul id=\"wpforms-370-field_10\" class=\"wpforms-field-required\"><li class=\"choice-1\"><input type=\"checkbox\" id=\"wpforms-370-field_10_1\" name=\"wpforms[fields][10][]\" value=\"Zgadzam si\u0119 na przechowywanie przes\u0142anych przeze mnie informacji w tej witrynie internetowej do cel\u00f3w udzielenia odpowiedzi na moje zapytanie.\" aria-errormessage=\"wpforms-370-field_10_1-error\" required ><label class=\"wpforms-field-label-inline\" for=\"wpforms-370-field_10_1\">Zgadzam si\u0119 na przechowywanie przes\u0142anych przeze mnie informacji w tej witrynie internetowej do cel\u00f3w udzielenia odpowiedzi na moje zapytanie.<\/label><\/li><\/ul><\/div><\/div><!-- .wpforms-field-container --><div class=\"wpforms-field wpforms-field-hp\"><label for=\"wpforms-370-field-hp\" class=\"wpforms-field-label\">Website<\/label><input type=\"text\" name=\"wpforms[hp]\" id=\"wpforms-370-field-hp\" class=\"wpforms-field-medium\"><\/div>\r\n\t\t\t<script>\r\n\t\t\tif ( typeof huOptions !== 'undefined' ) {\r\n\t\t\t\tvar huFormData = {\"source\":\"wpforms\",\"id\":370,\"title\":\"Formularz kontaktowy\",\"fields\":{\"subject\":{\"first_name\":\"\",\"last_name\":\"\"}}};\r\n\t\t\t\tvar huFormNode = document.querySelector( '[id=\"wpforms-370\"] form' );\r\n\r\n\t\t\t\tvar firstName = huFormNode.querySelector( 'input.wpforms-field-name-first' );\r\n\t\t\t\tvar lastName = huFormNode.querySelector( 'input.wpforms-field-name-last' );\r\n\r\n\t\t\t\tif ( firstName )\r\n\t\t\t\t\thuFormData['fields']['subject']['first_name'] = firstName.getAttribute( 'name' );\r\n\r\n\t\t\t\tif ( lastName )\r\n\t\t\t\t\thuFormData['fields']['subject']['last_name'] = lastName.getAttribute( 'name' );\r\n\r\n\t\t\t\thuFormData['node'] = huFormNode;\r\n\t\t\t\thuOptions['forms'].push( huFormData );\r\n\t\t\t}\r\n\t\t\t<\/script><div class=\"wpforms-recaptcha-container wpforms-is-recaptcha wpforms-is-recaptcha-type-invisible\" ><div class=\"g-recaptcha\" data-sitekey=\"6Ldgz8YmAAAAALYgWnHW7wF8CRbMMgSS-Tl7NBLE\" data-size=\"invisible\"><\/div><\/div><div class=\"wpforms-submit-container\" ><input type=\"hidden\" name=\"wpforms[id]\" value=\"370\"><input type=\"hidden\" name=\"page_title\" value=\"\"><input type=\"hidden\" name=\"page_url\" value=\"https:\/\/sunboat.site\/pl\/wp-json\/wp\/v2\/pages\/1737\"><input type=\"hidden\" name=\"url_referer\" value=\"\"><button type=\"submit\" name=\"wpforms[submit]\" id=\"wpforms-submit-370\" class=\"wpforms-submit\" data-alt-text=\"Wysy\u0142anie...\" data-submit-text=\"Wy\u015blij\" aria-live=\"assertive\" value=\"wpforms-submit\">Wy\u015blij<\/button><\/div><\/form><\/div>  <!-- .wpforms-container -->\t\t\t\t<\/div>\n\t\t\t\t<\/div>\n\t\t\t\t\t<\/div>\n\t\t<\/div>\n\t\t\t\t\t<\/div>\n\t\t<\/section>\n\t\t\t\t<\/div>\n\t\t","protected":false},"excerpt":{"rendered":"<p>Kontakt Spersonalizowane \u0141odzie na Zam\u00f3wienie \u2013 Skontaktuj si\u0119 z Nami W obecnej chwili wi\u0119kszo\u015b\u0107 naszych \u0142odzi jest produkowana na zam\u00f3wienie, co niestety wyklucza mo\u017cliwo\u015b\u0107 zakupu online. Aby skorzysta\u0107 z naszej oferty i dostosowa\u0107 motor\u00f3wk\u0119 do w\u0142asnych oczekiwa\u0144, serdecznie zach\u0119camy do skontaktowania si\u0119 z nami poprzez formularz. Prosimy o przekazanie informacji odno\u015bnie tego, jakie konkretne \u0142odzie [&hellip;]<\/p>\n","protected":false},"author":1,"featured_media":0,"parent":0,"menu_order":0,"comment_status":"closed","ping_status":"closed","template":"","meta":{"inline_featured_image":false,"site-sidebar-layout":"no-sidebar","site-content-layout":"page-builder","ast-site-content-layout":"full-width-container","site-content-style":"default","site-sidebar-style":"default","ast-global-header-display":"","ast-banner-title-visibility":"","ast-main-header-display":"","ast-hfb-above-header-display":"","ast-hfb-below-header-display":"","ast-hfb-mobile-header-display":"","site-post-title":"disabled","ast-breadcrumbs-content":"","ast-featured-img":"disabled","footer-sml-layout":"","ast-disable-related-posts":"","theme-transparent-header-meta":"","adv-header-id-meta":"","stick-header-meta":"","header-above-stick-meta":"","header-main-stick-meta":"","header-below-stick-meta":"","astra-migrate-meta-layouts":"set","ast-page-background-enabled":"default","ast-page-background-meta":{"desktop":{"background-color":"","background-image":"","background-repeat":"repeat","background-position":"center center","background-size":"auto","background-attachment":"scroll","background-type":"","background-media":"","overlay-type":"","overlay-color":"","overlay-opacity":"","overlay-gradient":""},"tablet":{"background-color":"","background-image":"","background-repeat":"repeat","background-position":"center center","background-size":"auto","background-attachment":"scroll","background-type":"","background-media":"","overlay-type":"","overlay-color":"","overlay-opacity":"","overlay-gradient":""},"mobile":{"background-color":"","background-image":"","background-repeat":"repeat","background-position":"center center","background-size":"auto","background-attachment":"scroll","background-type":"","background-media":"","overlay-type":"","overlay-color":"","overlay-opacity":"","overlay-gradient":""}},"ast-content-background-meta":{"desktop":{"background-color":"var(--ast-global-color-5)","background-image":"","background-repeat":"repeat","background-position":"center center","background-size":"auto","background-attachment":"scroll","background-type":"","background-media":"","overlay-type":"","overlay-color":"","overlay-opacity":"","overlay-gradient":""},"tablet":{"background-color":"var(--ast-global-color-5)","background-image":"","background-repeat":"repeat","background-position":"center center","background-size":"auto","background-attachment":"scroll","background-type":"","background-media":"","overlay-type":"","overlay-color":"","overlay-opacity":"","overlay-gradient":""},"mobile":{"background-color":"var(--ast-global-color-5)","background-image":"","background-repeat":"repeat","background-position":"center center","background-size":"auto","background-attachment":"scroll","background-type":"","background-media":"","overlay-type":"","overlay-color":"","overlay-opacity":"","overlay-gradient":""}},"footnotes":""},"class_list":["post-1737","page","type-page","status-publish","hentry"],"yoast_head":"<!-- This site is optimized with the Yoast SEO plugin v27.3 - https:\/\/yoast.com\/product\/yoast-seo-wordpress\/ -->\n<title>Oferta - Sun Boat<\/title>\n<meta name=\"robots\" content=\"index, follow, max-snippet:-1, max-image-preview:large, max-video-preview:-1\" \/>\n<link rel=\"canonical\" href=\"https:\/\/sunboat.site\/pl\/oferta\/\" \/>\n<meta property=\"og:locale\" content=\"pl_PL\" \/>\n<meta property=\"og:type\" content=\"article\" \/>\n<meta property=\"og:title\" content=\"Oferta - Sun Boat\" \/>\n<meta property=\"og:description\" content=\"Kontakt Spersonalizowane \u0141odzie na Zam\u00f3wienie \u2013 Skontaktuj si\u0119 z Nami W obecnej chwili wi\u0119kszo\u015b\u0107 naszych \u0142odzi jest produkowana na zam\u00f3wienie, co niestety wyklucza mo\u017cliwo\u015b\u0107 zakupu online. Aby skorzysta\u0107 z naszej oferty i dostosowa\u0107 motor\u00f3wk\u0119 do w\u0142asnych oczekiwa\u0144, serdecznie zach\u0119camy do skontaktowania si\u0119 z nami poprzez formularz. Prosimy o przekazanie informacji odno\u015bnie tego, jakie konkretne \u0142odzie [&hellip;]\" \/>\n<meta property=\"og:url\" content=\"https:\/\/sunboat.site\/pl\/oferta\/\" \/>\n<meta property=\"og:site_name\" content=\"Sun Boat\" \/>\n<meta property=\"article:publisher\" content=\"https:\/\/www.facebook.com\/profile.php?id=100067520797070\" \/>\n<meta property=\"article:modified_time\" content=\"2026-02-05T11:23:49+00:00\" \/>\n<meta name=\"twitter:card\" content=\"summary_large_image\" \/>\n<meta name=\"twitter:label1\" content=\"Szacowany czas czytania\" \/>\n\t<meta name=\"twitter:data1\" content=\"1 minuta\" \/>\n<script type=\"application\/ld+json\" class=\"yoast-schema-graph\">{\"@context\":\"https:\\\/\\\/schema.org\",\"@graph\":[{\"@type\":\"WebPage\",\"@id\":\"https:\\\/\\\/sunboat.site\\\/pl\\\/oferta\\\/\",\"url\":\"https:\\\/\\\/sunboat.site\\\/pl\\\/oferta\\\/\",\"name\":\"Oferta - Sun Boat\",\"isPartOf\":{\"@id\":\"https:\\\/\\\/sunboat.site\\\/pl\\\/#website\"},\"datePublished\":\"2024-01-26T10:40:39+00:00\",\"dateModified\":\"2026-02-05T11:23:49+00:00\",\"breadcrumb\":{\"@id\":\"https:\\\/\\\/sunboat.site\\\/pl\\\/oferta\\\/#breadcrumb\"},\"inLanguage\":\"pl-PL\",\"potentialAction\":[{\"@type\":\"ReadAction\",\"target\":[\"https:\\\/\\\/sunboat.site\\\/pl\\\/oferta\\\/\"]}]},{\"@type\":\"BreadcrumbList\",\"@id\":\"https:\\\/\\\/sunboat.site\\\/pl\\\/oferta\\\/#breadcrumb\",\"itemListElement\":[{\"@type\":\"ListItem\",\"position\":1,\"name\":\"Strona g\u0142\u00f3wna\",\"item\":\"https:\\\/\\\/sunboat.site\\\/\"},{\"@type\":\"ListItem\",\"position\":2,\"name\":\"Oferta\"}]},{\"@type\":\"WebSite\",\"@id\":\"https:\\\/\\\/sunboat.site\\\/pl\\\/#website\",\"url\":\"https:\\\/\\\/sunboat.site\\\/pl\\\/\",\"name\":\"Sun Boat\",\"description\":\"Motor\u00f3wki elektryczne z energi\u0105 s\u0142oneczn\u0105\",\"publisher\":{\"@id\":\"https:\\\/\\\/sunboat.site\\\/pl\\\/#organization\"},\"potentialAction\":[{\"@type\":\"SearchAction\",\"target\":{\"@type\":\"EntryPoint\",\"urlTemplate\":\"https:\\\/\\\/sunboat.site\\\/pl\\\/?s={search_term_string}\"},\"query-input\":{\"@type\":\"PropertyValueSpecification\",\"valueRequired\":true,\"valueName\":\"search_term_string\"}}],\"inLanguage\":\"pl-PL\"},{\"@type\":\"Organization\",\"@id\":\"https:\\\/\\\/sunboat.site\\\/pl\\\/#organization\",\"name\":\"Sun Boat\",\"alternateName\":\"Sun Boat\",\"url\":\"https:\\\/\\\/sunboat.site\\\/pl\\\/\",\"logo\":{\"@type\":\"ImageObject\",\"inLanguage\":\"pl-PL\",\"@id\":\"https:\\\/\\\/sunboat.site\\\/pl\\\/#\\\/schema\\\/logo\\\/image\\\/\",\"url\":\"https:\\\/\\\/sunboat.site\\\/wp-content\\\/uploads\\\/2025\\\/02\\\/cropped-LOGO-1.png\",\"contentUrl\":\"https:\\\/\\\/sunboat.site\\\/wp-content\\\/uploads\\\/2025\\\/02\\\/cropped-LOGO-1.png\",\"width\":550,\"height\":550,\"caption\":\"Sun Boat\"},\"image\":{\"@id\":\"https:\\\/\\\/sunboat.site\\\/pl\\\/#\\\/schema\\\/logo\\\/image\\\/\"},\"sameAs\":[\"https:\\\/\\\/www.facebook.com\\\/profile.php?id=100067520797070\",\"https:\\\/\\\/www.instagram.com\\\/sun_boat_przybrodzin\\\/\"]}]}<\/script>\n<!-- \/ Yoast SEO plugin. -->","yoast_head_json":{"title":"Oferta - Sun Boat","robots":{"index":"index","follow":"follow","max-snippet":"max-snippet:-1","max-image-preview":"max-image-preview:large","max-video-preview":"max-video-preview:-1"},"canonical":"https:\/\/sunboat.site\/pl\/oferta\/","og_locale":"pl_PL","og_type":"article","og_title":"Oferta - Sun Boat","og_description":"Kontakt Spersonalizowane \u0141odzie na Zam\u00f3wienie \u2013 Skontaktuj si\u0119 z Nami W obecnej chwili wi\u0119kszo\u015b\u0107 naszych \u0142odzi jest produkowana na zam\u00f3wienie, co niestety wyklucza mo\u017cliwo\u015b\u0107 zakupu online. Aby skorzysta\u0107 z naszej oferty i dostosowa\u0107 motor\u00f3wk\u0119 do w\u0142asnych oczekiwa\u0144, serdecznie zach\u0119camy do skontaktowania si\u0119 z nami poprzez formularz. Prosimy o przekazanie informacji odno\u015bnie tego, jakie konkretne \u0142odzie [&hellip;]","og_url":"https:\/\/sunboat.site\/pl\/oferta\/","og_site_name":"Sun Boat","article_publisher":"https:\/\/www.facebook.com\/profile.php?id=100067520797070","article_modified_time":"2026-02-05T11:23:49+00:00","twitter_card":"summary_large_image","twitter_misc":{"Szacowany czas czytania":"1 minuta"},"schema":{"@context":"https:\/\/schema.org","@graph":[{"@type":"WebPage","@id":"https:\/\/sunboat.site\/pl\/oferta\/","url":"https:\/\/sunboat.site\/pl\/oferta\/","name":"Oferta - Sun Boat","isPartOf":{"@id":"https:\/\/sunboat.site\/pl\/#website"},"datePublished":"2024-01-26T10:40:39+00:00","dateModified":"2026-02-05T11:23:49+00:00","breadcrumb":{"@id":"https:\/\/sunboat.site\/pl\/oferta\/#breadcrumb"},"inLanguage":"pl-PL","potentialAction":[{"@type":"ReadAction","target":["https:\/\/sunboat.site\/pl\/oferta\/"]}]},{"@type":"BreadcrumbList","@id":"https:\/\/sunboat.site\/pl\/oferta\/#breadcrumb","itemListElement":[{"@type":"ListItem","position":1,"name":"Strona g\u0142\u00f3wna","item":"https:\/\/sunboat.site\/"},{"@type":"ListItem","position":2,"name":"Oferta"}]},{"@type":"WebSite","@id":"https:\/\/sunboat.site\/pl\/#website","url":"https:\/\/sunboat.site\/pl\/","name":"Sun Boat","description":"Motor\u00f3wki elektryczne z energi\u0105 s\u0142oneczn\u0105","publisher":{"@id":"https:\/\/sunboat.site\/pl\/#organization"},"potentialAction":[{"@type":"SearchAction","target":{"@type":"EntryPoint","urlTemplate":"https:\/\/sunboat.site\/pl\/?s={search_term_string}"},"query-input":{"@type":"PropertyValueSpecification","valueRequired":true,"valueName":"search_term_string"}}],"inLanguage":"pl-PL"},{"@type":"Organization","@id":"https:\/\/sunboat.site\/pl\/#organization","name":"Sun Boat","alternateName":"Sun Boat","url":"https:\/\/sunboat.site\/pl\/","logo":{"@type":"ImageObject","inLanguage":"pl-PL","@id":"https:\/\/sunboat.site\/pl\/#\/schema\/logo\/image\/","url":"https:\/\/sunboat.site\/wp-content\/uploads\/2025\/02\/cropped-LOGO-1.png","contentUrl":"https:\/\/sunboat.site\/wp-content\/uploads\/2025\/02\/cropped-LOGO-1.png","width":550,"height":550,"caption":"Sun Boat"},"image":{"@id":"https:\/\/sunboat.site\/pl\/#\/schema\/logo\/image\/"},"sameAs":["https:\/\/www.facebook.com\/profile.php?id=100067520797070","https:\/\/www.instagram.com\/sun_boat_przybrodzin\/"]}]}},"_links":{"self":[{"href":"https:\/\/sunboat.site\/pl\/wp-json\/wp\/v2\/pages\/1737","targetHints":{"allow":["GET"]}}],"collection":[{"href":"https:\/\/sunboat.site\/pl\/wp-json\/wp\/v2\/pages"}],"about":[{"href":"https:\/\/sunboat.site\/pl\/wp-json\/wp\/v2\/types\/page"}],"author":[{"embeddable":true,"href":"https:\/\/sunboat.site\/pl\/wp-json\/wp\/v2\/users\/1"}],"replies":[{"embeddable":true,"href":"https:\/\/sunboat.site\/pl\/wp-json\/wp\/v2\/comments?post=1737"}],"version-history":[{"count":59,"href":"https:\/\/sunboat.site\/pl\/wp-json\/wp\/v2\/pages\/1737\/revisions"}],"predecessor-version":[{"id":3778,"href":"https:\/\/sunboat.site\/pl\/wp-json\/wp\/v2\/pages\/1737\/revisions\/3778"}],"wp:attachment":[{"href":"https:\/\/sunboat.site\/pl\/wp-json\/wp\/v2\/media?parent=1737"}],"curies":[{"name":"wp","href":"https:\/\/api.w.org\/{rel}","templated":true}]}}