{"id":384,"date":"2020-04-13T11:18:48","date_gmt":"2020-04-13T11:18:48","guid":{"rendered":"https:\/\/sunboat.site\/contact\/"},"modified":"2026-03-27T10:22:22","modified_gmt":"2026-03-27T09:22:22","slug":"kontakt","status":"publish","type":"page","link":"https:\/\/sunboat.site\/pl\/kontakt\/","title":{"rendered":"Kontakt"},"content":{"rendered":"\t\t<div data-elementor-type=\"wp-page\" data-elementor-id=\"384\" class=\"elementor elementor-384\" data-elementor-post-type=\"page\">\n\t\t\t\t\t\t<section class=\"elementor-section elementor-top-section elementor-element elementor-element-35fcc57 elementor-section-boxed elementor-section-height-default elementor-section-height-default rael-particle-no tmpcoder-jarallax-no tmpcoder-parallax-no tmpcoder-particle-no tmpcoder-sticky-section-no\" data-id=\"35fcc57\" data-element_type=\"section\" data-e-type=\"section\" data-settings=\"{&quot;rae_animations_entrance&quot;:&quot;none&quot;}\">\n\t\t\t\t\t\t<div class=\"elementor-container elementor-column-gap-default\">\n\t\t\t\t\t<div class=\"elementor-column elementor-col-100 elementor-top-column elementor-element elementor-element-21656de rael-particle-no\" data-id=\"21656de\" data-element_type=\"column\" data-e-type=\"column\">\n\t\t\t<div class=\"elementor-widget-wrap elementor-element-populated\">\n\t\t\t\t\t\t<div class=\"elementor-element elementor-element-d3c692a elementor-widget elementor-widget-spacer\" data-id=\"d3c692a\" data-element_type=\"widget\" data-e-type=\"widget\" data-widget_type=\"spacer.default\">\n\t\t\t\t<div class=\"elementor-widget-container\">\n\t\t\t\t\t\t\t<div class=\"elementor-spacer\">\n\t\t\t<div class=\"elementor-spacer-inner\"><\/div>\n\t\t<\/div>\n\t\t\t\t\t\t<\/div>\n\t\t\t\t<\/div>\n\t\t\t\t\t<\/div>\n\t\t<\/div>\n\t\t\t\t\t<\/div>\n\t\t<\/section>\n\t\t\t\t<section class=\"elementor-section elementor-top-section elementor-element elementor-element-cfa7a98 elementor-hidden-tablet elementor-hidden-mobile elementor-section-boxed elementor-section-height-default elementor-section-height-default rael-particle-no tmpcoder-jarallax-no tmpcoder-parallax-no tmpcoder-particle-no tmpcoder-sticky-section-no\" data-id=\"cfa7a98\" data-element_type=\"section\" data-e-type=\"section\" data-settings=\"{&quot;rae_animations_entrance&quot;:&quot;none&quot;}\">\n\t\t\t\t\t\t<div class=\"elementor-container elementor-column-gap-default\">\n\t\t\t\t\t<div class=\"elementor-column elementor-col-100 elementor-top-column elementor-element elementor-element-b0a4a66 rael-particle-no\" data-id=\"b0a4a66\" data-element_type=\"column\" data-e-type=\"column\">\n\t\t\t<div class=\"elementor-widget-wrap elementor-element-populated\">\n\t\t\t\t\t\t<div class=\"elementor-element elementor-element-1744bc8 elementor-widget elementor-widget-spacer\" data-id=\"1744bc8\" data-element_type=\"widget\" data-e-type=\"widget\" data-widget_type=\"spacer.default\">\n\t\t\t\t<div class=\"elementor-widget-container\">\n\t\t\t\t\t\t\t<div class=\"elementor-spacer\">\n\t\t\t<div class=\"elementor-spacer-inner\"><\/div>\n\t\t<\/div>\n\t\t\t\t\t\t<\/div>\n\t\t\t\t<\/div>\n\t\t\t\t\t<\/div>\n\t\t<\/div>\n\t\t\t\t\t<\/div>\n\t\t<\/section>\n\t\t\t\t<section class=\"elementor-section elementor-top-section elementor-element elementor-element-164df7b elementor-section-boxed elementor-section-height-default elementor-section-height-default rael-particle-no tmpcoder-jarallax-no tmpcoder-parallax-no tmpcoder-particle-no tmpcoder-sticky-section-no\" data-id=\"164df7b\" data-element_type=\"section\" data-e-type=\"section\" data-settings=\"{&quot;rae_animations_entrance&quot;:&quot;none&quot;}\">\n\t\t\t\t\t\t<div class=\"elementor-container elementor-column-gap-default\">\n\t\t\t\t\t<div class=\"elementor-column elementor-col-50 elementor-top-column elementor-element elementor-element-7bdb33e rael-particle-no\" data-id=\"7bdb33e\" data-element_type=\"column\" data-e-type=\"column\">\n\t\t\t<div class=\"elementor-widget-wrap elementor-element-populated\">\n\t\t\t\t\t\t<div class=\"elementor-element elementor-element-9dbe4b7 elementor-widget elementor-widget-heading\" data-id=\"9dbe4b7\" data-element_type=\"widget\" data-e-type=\"widget\" data-widget_type=\"heading.default\">\n\t\t\t\t<div class=\"elementor-widget-container\">\n\t\t\t\t\t<h2 class=\"elementor-heading-title elementor-size-default\">Informacja o firmie<\/h2>\t\t\t\t<\/div>\n\t\t\t\t<\/div>\n\t\t\t\t<div class=\"elementor-element elementor-element-f8b638a elementor-widget__width-initial elementor-widget elementor-widget-text-editor\" data-id=\"f8b638a\" data-element_type=\"widget\" data-e-type=\"widget\" data-widget_type=\"text-editor.default\">\n\t\t\t\t<div class=\"elementor-widget-container\">\n\t\t\t\t\t\t\t\t\t<p>Andrzej Karalus &#8222;Sun Boat&#8221;<br \/>ul. Powidzka 16<br \/>62-300 Gutowo Ma\u0142e<\/p><p>+48 609 630 301<br \/>hello@sunboat.site<\/p><p>NIP: 7890009279<br \/>REGON: 639571245<\/p>\t\t\t\t\t\t\t\t<\/div>\n\t\t\t\t<\/div>\n\t\t\t\t\t<\/div>\n\t\t<\/div>\n\t\t\t\t<div class=\"elementor-column elementor-col-50 elementor-top-column elementor-element elementor-element-18bf289 rael-particle-no\" data-id=\"18bf289\" data-element_type=\"column\" data-e-type=\"column\">\n\t\t\t<div class=\"elementor-widget-wrap elementor-element-populated\">\n\t\t\t\t\t\t<div class=\"elementor-element elementor-element-4768982 elementor-widget elementor-widget-heading\" data-id=\"4768982\" data-element_type=\"widget\" data-e-type=\"widget\" data-widget_type=\"heading.default\">\n\t\t\t\t<div class=\"elementor-widget-container\">\n\t\t\t\t\t<h2 class=\"elementor-heading-title elementor-size-default\">Formularz kontaktowy<\/h2>\t\t\t\t<\/div>\n\t\t\t\t<\/div>\n\t\t\t\t<div class=\"elementor-element elementor-element-80e2a3e elementor-widget elementor-widget-wpforms\" data-id=\"80e2a3e\" data-element_type=\"widget\" data-e-type=\"widget\" data-widget_type=\"wpforms.default\">\n\t\t\t\t<div class=\"elementor-widget-container\">\n\t\t\t\t\t<style id=\"wpforms-css-vars-elementor-widget-80e2a3e\">\n\t\t\t\t.elementor-widget-wpforms.elementor-element-80e2a3e {\n\t\t\t\t--wpforms-field-border-radius: 20px;\n--wpforms-field-border-color: #CCCCCC;\n--wpforms-field-border-color-spare: #CCCCCC;\n--wpforms-field-text-color: #444444;\n--wpforms-label-color: #3F3B3B;\n--wpforms-label-sublabel-color: #3F3B3B;\n--wpforms-label-error-color: #5AC3D9;\n--wpforms-button-border-style: solid;\n--wpforms-button-border-radius: 20px;\n--wpforms-button-background-color: #5AC3D9;\n--wpforms-button-border-color: #6EC1E4;\n--wpforms-button-text-color: #FFF;\n--wpforms-page-break-color: #dddddd;\n--wpforms-button-size-font-size: 20px;\n--wpforms-button-size-height: 48px;\n--wpforms-button-size-padding-h: 20px;\n--wpforms-button-size-margin-top: 15px;\n\t\t\t}\n\t\t\t<\/style><div class=\"wpforms-container wpforms-container-full wpforms-render-modern\" id=\"wpforms-3801\"><form id=\"wpforms-form-3801\" class=\"wpforms-validate wpforms-form wpforms-ajax-form\" data-formid=\"3801\" method=\"post\" enctype=\"multipart\/form-data\" action=\"\/pl\/wp-json\/wp\/v2\/pages\/384\" data-token=\"8c4c22bf4c68d0fdb077a77cbb034f2b\" data-token-time=\"1775519001\"><noscript class=\"wpforms-error-noscript\">Aby wype\u0142ni\u0107 ten formularz, w\u0142\u0105cz obs\u0142ug\u0119 JavaScript w przegl\u0105darce.<\/noscript><div id=\"wpforms-error-noscript\" style=\"display: none;\">Aby wype\u0142ni\u0107 ten formularz, w\u0142\u0105cz obs\u0142ug\u0119 JavaScript w przegl\u0105darce.<\/div><div class=\"wpforms-field-container\"><div id=\"wpforms-3801-field_1-container\" class=\"wpforms-field wpforms-field-text\" data-field-id=\"1\"><label class=\"wpforms-field-label wpforms-label-hide\" for=\"wpforms-3801-field_1\" aria-hidden=\"false\">E-mail <span class=\"wpforms-required-label\" aria-hidden=\"true\">*<\/span><\/label><input type=\"text\" id=\"wpforms-3801-field_1\" class=\"wpforms-field-large wpforms-field-required\" name=\"wpforms[fields][1]\" placeholder=\"E-mail\" aria-errormessage=\"wpforms-3801-field_1-error\" required><\/div><div id=\"wpforms-3801-field_2-container\" class=\"wpforms-field wpforms-field-text\" data-field-id=\"2\"><label class=\"wpforms-field-label wpforms-label-hide\" for=\"wpforms-3801-field_2\" aria-hidden=\"false\">Imi\u0119<\/label><input type=\"text\" id=\"wpforms-3801-field_2\" class=\"wpforms-field-large\" name=\"wpforms[fields][2]\" placeholder=\"Imi\u0119\" aria-errormessage=\"wpforms-3801-field_2-error\" ><\/div><div id=\"wpforms-3801-field_3-container\" class=\"wpforms-field wpforms-field-textarea\" data-field-id=\"3\"><label class=\"wpforms-field-label wpforms-label-hide\" for=\"wpforms-3801-field_3\" aria-hidden=\"false\">Wiadomo\u015b\u0107 <span class=\"wpforms-required-label\" aria-hidden=\"true\">*<\/span><\/label><textarea id=\"wpforms-3801-field_3\" class=\"wpforms-field-medium wpforms-field-required\" name=\"wpforms[fields][3]\" placeholder=\"Wiadomo\u015b\u0107\" aria-errormessage=\"wpforms-3801-field_3-error\" required><\/textarea><\/div><div id=\"wpforms-3801-field_4-container\" class=\"wpforms-field wpforms-field-gdpr-checkbox\" data-field-id=\"4\"><label class=\"wpforms-field-label\">Zgoda RODO <span class=\"wpforms-required-label\" aria-hidden=\"true\">*<\/span><\/label><ul id=\"wpforms-3801-field_4\" class=\"wpforms-field-required\"><li class=\"choice-1\"><input type=\"checkbox\" id=\"wpforms-3801-field_4_1\" name=\"wpforms[fields][4][]\" value=\"Zgadzam si\u0119 na przechowywanie przes\u0142anych przeze mnie informacji w tej witrynie internetowej do cel\u00f3w udzielenia odpowiedzi na moje zapytanie.\" aria-errormessage=\"wpforms-3801-field_4_1-error\" required ><label class=\"wpforms-field-label-inline\" for=\"wpforms-3801-field_4_1\">Zgadzam si\u0119 na przechowywanie przes\u0142anych przeze mnie informacji w tej witrynie internetowej do cel\u00f3w udzielenia odpowiedzi na moje zapytanie.<\/label><\/li><\/ul><\/div><\/div><!-- .wpforms-field-container -->\r\n\t\t\t<script>\r\n\t\t\tif ( typeof huOptions !== 'undefined' ) {\r\n\t\t\t\tvar huFormData = {\"source\":\"wpforms\",\"id\":3801,\"title\":\"Formularz 3\",\"fields\":{\"subject\":{\"first_name\":\"\",\"last_name\":\"\"}}};\r\n\t\t\t\tvar huFormNode = document.querySelector( '[id=\"wpforms-3801\"] form' );\r\n\r\n\t\t\t\tvar firstName = huFormNode.querySelector( 'input.wpforms-field-name-first' );\r\n\t\t\t\tvar lastName = huFormNode.querySelector( 'input.wpforms-field-name-last' );\r\n\r\n\t\t\t\tif ( firstName )\r\n\t\t\t\t\thuFormData['fields']['subject']['first_name'] = firstName.getAttribute( 'name' );\r\n\r\n\t\t\t\tif ( lastName )\r\n\t\t\t\t\thuFormData['fields']['subject']['last_name'] = lastName.getAttribute( 'name' );\r\n\r\n\t\t\t\thuFormData['node'] = huFormNode;\r\n\t\t\t\thuOptions['forms'].push( huFormData );\r\n\t\t\t}\r\n\t\t\t<\/script><div class=\"wpforms-recaptcha-container wpforms-is-recaptcha wpforms-is-recaptcha-type-invisible\" ><div class=\"g-recaptcha\" data-sitekey=\"6Ldgz8YmAAAAALYgWnHW7wF8CRbMMgSS-Tl7NBLE\" data-size=\"invisible\"><\/div><\/div><div class=\"wpforms-submit-container\" ><input type=\"hidden\" name=\"wpforms[id]\" value=\"3801\"><input type=\"hidden\" name=\"page_title\" value=\"\"><input type=\"hidden\" name=\"page_url\" value=\"https:\/\/sunboat.site\/pl\/wp-json\/wp\/v2\/pages\/384\"><input type=\"hidden\" name=\"url_referer\" value=\"\"><button type=\"submit\" name=\"wpforms[submit]\" id=\"wpforms-submit-3801\" class=\"wpforms-submit\" data-alt-text=\"Wysy\u0142anie...\" data-submit-text=\"Wy\u015blij\" aria-live=\"assertive\" value=\"wpforms-submit\">Wy\u015blij<\/button><img decoding=\"async\" data-src=\"https:\/\/sunboat.site\/wp-content\/plugins\/wpforms-lite\/assets\/images\/submit-spin.svg\" class=\"wpforms-submit-spinner lazyload\" style=\"--smush-placeholder-width: 26px; --smush-placeholder-aspect-ratio: 26\/26;display: none;\" width=\"26\" height=\"26\" alt=\"Wczytywanie\" src=\"data:image\/svg+xml;base64,PHN2ZyB3aWR0aD0iMSIgaGVpZ2h0PSIxIiB4bWxucz0iaHR0cDovL3d3dy53My5vcmcvMjAwMC9zdmciPjwvc3ZnPg==\"><\/div><\/form><\/div>  <!-- .wpforms-container -->\t\t\t\t<\/div>\n\t\t\t\t<\/div>\n\t\t\t\t\t<\/div>\n\t\t<\/div>\n\t\t\t\t\t<\/div>\n\t\t<\/section>\n\t\t\t\t<\/div>\n\t\t","protected":false},"excerpt":{"rendered":"<p>Informacja o firmie Andrzej Karalus &#8222;Sun Boat&#8221;ul. Powidzka 1662-300 Gutowo Ma\u0142e +48 609 630 301hello@sunboat.site NIP: 7890009279REGON: 639571245 Formularz kontaktowy Aby wype\u0142ni\u0107 ten formularz, w\u0142\u0105cz obs\u0142ug\u0119 JavaScript w przegl\u0105darce.Aby wype\u0142ni\u0107 ten formularz, w\u0142\u0105cz obs\u0142ug\u0119 JavaScript w przegl\u0105darce.E-mail *Imi\u0119Wiadomo\u015b\u0107 *Zgoda RODO * Zgadzam si\u0119 na przechowywanie przes\u0142anych przeze mnie informacji w tej witrynie internetowej do cel\u00f3w [&hellip;]<\/p>\n","protected":false},"author":1,"featured_media":0,"parent":0,"menu_order":0,"comment_status":"closed","ping_status":"closed","template":"","meta":{"inline_featured_image":false,"site-sidebar-layout":"no-sidebar","site-content-layout":"page-builder","ast-site-content-layout":"default","site-content-style":"default","site-sidebar-style":"default","ast-global-header-display":"","ast-banner-title-visibility":"","ast-main-header-display":"","ast-hfb-above-header-display":"","ast-hfb-below-header-display":"","ast-hfb-mobile-header-display":"","site-post-title":"disabled","ast-breadcrumbs-content":"","ast-featured-img":"","footer-sml-layout":"","ast-disable-related-posts":"","theme-transparent-header-meta":"enabled","adv-header-id-meta":"","stick-header-meta":"","header-above-stick-meta":"","header-main-stick-meta":"","header-below-stick-meta":"","astra-migrate-meta-layouts":"default","ast-page-background-enabled":"default","ast-page-background-meta":{"desktop":{"background-color":"","background-image":"","background-repeat":"repeat","background-position":"center center","background-size":"auto","background-attachment":"scroll","background-type":"","background-media":"","overlay-type":"","overlay-color":"","overlay-opacity":"","overlay-gradient":""},"tablet":{"background-color":"","background-image":"","background-repeat":"repeat","background-position":"center center","background-size":"auto","background-attachment":"scroll","background-type":"","background-media":"","overlay-type":"","overlay-color":"","overlay-opacity":"","overlay-gradient":""},"mobile":{"background-color":"","background-image":"","background-repeat":"repeat","background-position":"center center","background-size":"auto","background-attachment":"scroll","background-type":"","background-media":"","overlay-type":"","overlay-color":"","overlay-opacity":"","overlay-gradient":""}},"ast-content-background-meta":{"desktop":{"background-color":"var(--ast-global-color-5)","background-image":"","background-repeat":"repeat","background-position":"center center","background-size":"auto","background-attachment":"scroll","background-type":"","background-media":"","overlay-type":"","overlay-color":"","overlay-opacity":"","overlay-gradient":""},"tablet":{"background-color":"var(--ast-global-color-5)","background-image":"","background-repeat":"repeat","background-position":"center center","background-size":"auto","background-attachment":"scroll","background-type":"","background-media":"","overlay-type":"","overlay-color":"","overlay-opacity":"","overlay-gradient":""},"mobile":{"background-color":"var(--ast-global-color-5)","background-image":"","background-repeat":"repeat","background-position":"center center","background-size":"auto","background-attachment":"scroll","background-type":"","background-media":"","overlay-type":"","overlay-color":"","overlay-opacity":"","overlay-gradient":""}},"footnotes":""},"class_list":["post-384","page","type-page","status-publish","hentry"],"yoast_head":"<!-- This site is optimized with the Yoast SEO plugin v27.3 - https:\/\/yoast.com\/product\/yoast-seo-wordpress\/ -->\n<title>Sun Boat - Motor\u00f3wki elektryczne z energi\u0105 s\u0142oneczn\u0105 - Kontakt<\/title>\n<meta name=\"description\" content=\"Skontaktuj si\u0119 z nami, aby dowiedzie\u0107 si\u0119 wi\u0119cej o wypo\u017cyczaniu \u0142odzi elektrycznych. Oferujemy profesjonalne doradztwo i atrakcyjne ceny. Napisz do nas!\" \/>\n<meta name=\"robots\" content=\"index, follow, max-snippet:-1, max-image-preview:large, max-video-preview:-1\" \/>\n<link rel=\"canonical\" href=\"https:\/\/sunboat.site\/pl\/kontakt\/\" \/>\n<meta property=\"og:locale\" content=\"pl_PL\" \/>\n<meta property=\"og:type\" content=\"article\" \/>\n<meta property=\"og:title\" content=\"Sun Boat - Motor\u00f3wki elektryczne z energi\u0105 s\u0142oneczn\u0105 - Kontakt\" \/>\n<meta property=\"og:description\" content=\"Skontaktuj si\u0119 z nami, aby dowiedzie\u0107 si\u0119 wi\u0119cej o wypo\u017cyczaniu \u0142odzi elektrycznych. Oferujemy profesjonalne doradztwo i atrakcyjne ceny. Napisz do nas!\" \/>\n<meta property=\"og:url\" content=\"https:\/\/sunboat.site\/pl\/kontakt\/\" \/>\n<meta property=\"og:site_name\" content=\"Sun Boat\" \/>\n<meta property=\"article:publisher\" content=\"https:\/\/www.facebook.com\/profile.php?id=100067520797070\" \/>\n<meta property=\"article:modified_time\" content=\"2026-03-27T09:22:22+00:00\" \/>\n<meta property=\"og:image\" content=\"https:\/\/sunboat.site\/wp-content\/plugins\/wpforms-lite\/assets\/images\/submit-spin.svg\" \/>\n<meta name=\"twitter:card\" content=\"summary_large_image\" \/>\n<meta name=\"twitter:label1\" content=\"Szacowany czas czytania\" \/>\n\t<meta name=\"twitter:data1\" content=\"1 minuta\" \/>\n<script type=\"application\/ld+json\" class=\"yoast-schema-graph\">{\"@context\":\"https:\\\/\\\/schema.org\",\"@graph\":[{\"@type\":\"WebPage\",\"@id\":\"https:\\\/\\\/sunboat.site\\\/kontakt\\\/\",\"url\":\"https:\\\/\\\/sunboat.site\\\/kontakt\\\/\",\"name\":\"Sun Boat - Motor\u00f3wki elektryczne z energi\u0105 s\u0142oneczn\u0105 - Kontakt\",\"isPartOf\":{\"@id\":\"https:\\\/\\\/sunboat.site\\\/pl\\\/#website\"},\"primaryImageOfPage\":{\"@id\":\"https:\\\/\\\/sunboat.site\\\/kontakt\\\/#primaryimage\"},\"image\":{\"@id\":\"https:\\\/\\\/sunboat.site\\\/kontakt\\\/#primaryimage\"},\"thumbnailUrl\":\"https:\\\/\\\/sunboat.site\\\/wp-content\\\/plugins\\\/wpforms-lite\\\/assets\\\/images\\\/submit-spin.svg\",\"datePublished\":\"2020-04-13T11:18:48+00:00\",\"dateModified\":\"2026-03-27T09:22:22+00:00\",\"description\":\"Skontaktuj si\u0119 z nami, aby dowiedzie\u0107 si\u0119 wi\u0119cej o wypo\u017cyczaniu \u0142odzi elektrycznych. Oferujemy profesjonalne doradztwo i atrakcyjne ceny. Napisz do nas!\",\"breadcrumb\":{\"@id\":\"https:\\\/\\\/sunboat.site\\\/kontakt\\\/#breadcrumb\"},\"inLanguage\":\"pl-PL\",\"potentialAction\":[{\"@type\":\"ReadAction\",\"target\":[\"https:\\\/\\\/sunboat.site\\\/kontakt\\\/\"]}]},{\"@type\":\"ImageObject\",\"inLanguage\":\"pl-PL\",\"@id\":\"https:\\\/\\\/sunboat.site\\\/kontakt\\\/#primaryimage\",\"url\":\"https:\\\/\\\/sunboat.site\\\/wp-content\\\/plugins\\\/wpforms-lite\\\/assets\\\/images\\\/submit-spin.svg\",\"contentUrl\":\"https:\\\/\\\/sunboat.site\\\/wp-content\\\/plugins\\\/wpforms-lite\\\/assets\\\/images\\\/submit-spin.svg\"},{\"@type\":\"BreadcrumbList\",\"@id\":\"https:\\\/\\\/sunboat.site\\\/kontakt\\\/#breadcrumb\",\"itemListElement\":[{\"@type\":\"ListItem\",\"position\":1,\"name\":\"Strona g\u0142\u00f3wna\",\"item\":\"https:\\\/\\\/sunboat.site\\\/\"},{\"@type\":\"ListItem\",\"position\":2,\"name\":\"Kontakt\"}]},{\"@type\":\"WebSite\",\"@id\":\"https:\\\/\\\/sunboat.site\\\/pl\\\/#website\",\"url\":\"https:\\\/\\\/sunboat.site\\\/pl\\\/\",\"name\":\"Sun Boat\",\"description\":\"Motor\u00f3wki elektryczne z energi\u0105 s\u0142oneczn\u0105\",\"publisher\":{\"@id\":\"https:\\\/\\\/sunboat.site\\\/pl\\\/#organization\"},\"potentialAction\":[{\"@type\":\"SearchAction\",\"target\":{\"@type\":\"EntryPoint\",\"urlTemplate\":\"https:\\\/\\\/sunboat.site\\\/pl\\\/?s={search_term_string}\"},\"query-input\":{\"@type\":\"PropertyValueSpecification\",\"valueRequired\":true,\"valueName\":\"search_term_string\"}}],\"inLanguage\":\"pl-PL\"},{\"@type\":\"Organization\",\"@id\":\"https:\\\/\\\/sunboat.site\\\/pl\\\/#organization\",\"name\":\"Sun Boat\",\"alternateName\":\"Sun Boat\",\"url\":\"https:\\\/\\\/sunboat.site\\\/pl\\\/\",\"logo\":{\"@type\":\"ImageObject\",\"inLanguage\":\"pl-PL\",\"@id\":\"https:\\\/\\\/sunboat.site\\\/pl\\\/#\\\/schema\\\/logo\\\/image\\\/\",\"url\":\"https:\\\/\\\/sunboat.site\\\/wp-content\\\/uploads\\\/2025\\\/02\\\/cropped-LOGO-1.png\",\"contentUrl\":\"https:\\\/\\\/sunboat.site\\\/wp-content\\\/uploads\\\/2025\\\/02\\\/cropped-LOGO-1.png\",\"width\":550,\"height\":550,\"caption\":\"Sun Boat\"},\"image\":{\"@id\":\"https:\\\/\\\/sunboat.site\\\/pl\\\/#\\\/schema\\\/logo\\\/image\\\/\"},\"sameAs\":[\"https:\\\/\\\/www.facebook.com\\\/profile.php?id=100067520797070\",\"https:\\\/\\\/www.instagram.com\\\/sun_boat_przybrodzin\\\/\"]}]}<\/script>\n<!-- \/ Yoast SEO plugin. -->","yoast_head_json":{"title":"Sun Boat - Motor\u00f3wki elektryczne z energi\u0105 s\u0142oneczn\u0105 - Kontakt","description":"Skontaktuj si\u0119 z nami, aby dowiedzie\u0107 si\u0119 wi\u0119cej o wypo\u017cyczaniu \u0142odzi elektrycznych. Oferujemy profesjonalne doradztwo i atrakcyjne ceny. Napisz do nas!","robots":{"index":"index","follow":"follow","max-snippet":"max-snippet:-1","max-image-preview":"max-image-preview:large","max-video-preview":"max-video-preview:-1"},"canonical":"https:\/\/sunboat.site\/pl\/kontakt\/","og_locale":"pl_PL","og_type":"article","og_title":"Sun Boat - Motor\u00f3wki elektryczne z energi\u0105 s\u0142oneczn\u0105 - Kontakt","og_description":"Skontaktuj si\u0119 z nami, aby dowiedzie\u0107 si\u0119 wi\u0119cej o wypo\u017cyczaniu \u0142odzi elektrycznych. Oferujemy profesjonalne doradztwo i atrakcyjne ceny. Napisz do nas!","og_url":"https:\/\/sunboat.site\/pl\/kontakt\/","og_site_name":"Sun Boat","article_publisher":"https:\/\/www.facebook.com\/profile.php?id=100067520797070","article_modified_time":"2026-03-27T09:22:22+00:00","og_image":[{"url":"https:\/\/sunboat.site\/wp-content\/plugins\/wpforms-lite\/assets\/images\/submit-spin.svg","type":"","width":"","height":""}],"twitter_card":"summary_large_image","twitter_misc":{"Szacowany czas czytania":"1 minuta"},"schema":{"@context":"https:\/\/schema.org","@graph":[{"@type":"WebPage","@id":"https:\/\/sunboat.site\/kontakt\/","url":"https:\/\/sunboat.site\/kontakt\/","name":"Sun Boat - Motor\u00f3wki elektryczne z energi\u0105 s\u0142oneczn\u0105 - Kontakt","isPartOf":{"@id":"https:\/\/sunboat.site\/pl\/#website"},"primaryImageOfPage":{"@id":"https:\/\/sunboat.site\/kontakt\/#primaryimage"},"image":{"@id":"https:\/\/sunboat.site\/kontakt\/#primaryimage"},"thumbnailUrl":"https:\/\/sunboat.site\/wp-content\/plugins\/wpforms-lite\/assets\/images\/submit-spin.svg","datePublished":"2020-04-13T11:18:48+00:00","dateModified":"2026-03-27T09:22:22+00:00","description":"Skontaktuj si\u0119 z nami, aby dowiedzie\u0107 si\u0119 wi\u0119cej o wypo\u017cyczaniu \u0142odzi elektrycznych. Oferujemy profesjonalne doradztwo i atrakcyjne ceny. Napisz do nas!","breadcrumb":{"@id":"https:\/\/sunboat.site\/kontakt\/#breadcrumb"},"inLanguage":"pl-PL","potentialAction":[{"@type":"ReadAction","target":["https:\/\/sunboat.site\/kontakt\/"]}]},{"@type":"ImageObject","inLanguage":"pl-PL","@id":"https:\/\/sunboat.site\/kontakt\/#primaryimage","url":"https:\/\/sunboat.site\/wp-content\/plugins\/wpforms-lite\/assets\/images\/submit-spin.svg","contentUrl":"https:\/\/sunboat.site\/wp-content\/plugins\/wpforms-lite\/assets\/images\/submit-spin.svg"},{"@type":"BreadcrumbList","@id":"https:\/\/sunboat.site\/kontakt\/#breadcrumb","itemListElement":[{"@type":"ListItem","position":1,"name":"Strona g\u0142\u00f3wna","item":"https:\/\/sunboat.site\/"},{"@type":"ListItem","position":2,"name":"Kontakt"}]},{"@type":"WebSite","@id":"https:\/\/sunboat.site\/pl\/#website","url":"https:\/\/sunboat.site\/pl\/","name":"Sun Boat","description":"Motor\u00f3wki elektryczne z energi\u0105 s\u0142oneczn\u0105","publisher":{"@id":"https:\/\/sunboat.site\/pl\/#organization"},"potentialAction":[{"@type":"SearchAction","target":{"@type":"EntryPoint","urlTemplate":"https:\/\/sunboat.site\/pl\/?s={search_term_string}"},"query-input":{"@type":"PropertyValueSpecification","valueRequired":true,"valueName":"search_term_string"}}],"inLanguage":"pl-PL"},{"@type":"Organization","@id":"https:\/\/sunboat.site\/pl\/#organization","name":"Sun Boat","alternateName":"Sun Boat","url":"https:\/\/sunboat.site\/pl\/","logo":{"@type":"ImageObject","inLanguage":"pl-PL","@id":"https:\/\/sunboat.site\/pl\/#\/schema\/logo\/image\/","url":"https:\/\/sunboat.site\/wp-content\/uploads\/2025\/02\/cropped-LOGO-1.png","contentUrl":"https:\/\/sunboat.site\/wp-content\/uploads\/2025\/02\/cropped-LOGO-1.png","width":550,"height":550,"caption":"Sun Boat"},"image":{"@id":"https:\/\/sunboat.site\/pl\/#\/schema\/logo\/image\/"},"sameAs":["https:\/\/www.facebook.com\/profile.php?id=100067520797070","https:\/\/www.instagram.com\/sun_boat_przybrodzin\/"]}]}},"_links":{"self":[{"href":"https:\/\/sunboat.site\/pl\/wp-json\/wp\/v2\/pages\/384","targetHints":{"allow":["GET"]}}],"collection":[{"href":"https:\/\/sunboat.site\/pl\/wp-json\/wp\/v2\/pages"}],"about":[{"href":"https:\/\/sunboat.site\/pl\/wp-json\/wp\/v2\/types\/page"}],"author":[{"embeddable":true,"href":"https:\/\/sunboat.site\/pl\/wp-json\/wp\/v2\/users\/1"}],"replies":[{"embeddable":true,"href":"https:\/\/sunboat.site\/pl\/wp-json\/wp\/v2\/comments?post=384"}],"version-history":[{"count":403,"href":"https:\/\/sunboat.site\/pl\/wp-json\/wp\/v2\/pages\/384\/revisions"}],"predecessor-version":[{"id":4784,"href":"https:\/\/sunboat.site\/pl\/wp-json\/wp\/v2\/pages\/384\/revisions\/4784"}],"wp:attachment":[{"href":"https:\/\/sunboat.site\/pl\/wp-json\/wp\/v2\/media?parent=384"}],"curies":[{"name":"wp","href":"https:\/\/api.w.org\/{rel}","templated":true}]}} 