{"id":3857,"date":"2026-02-09T09:43:02","date_gmt":"2026-02-09T08:43:02","guid":{"rendered":"https:\/\/sunboat.site\/?page_id=3857"},"modified":"2026-03-26T14:52:05","modified_gmt":"2026-03-26T13:52:05","slug":"polityka-prywatnosci","status":"publish","type":"page","link":"https:\/\/sunboat.site\/pl\/polityka-prywatnosci\/","title":{"rendered":"Polityka prywatno\u015bci"},"content":{"rendered":"\t\t<div data-elementor-type=\"wp-page\" data-elementor-id=\"3857\" class=\"elementor elementor-3857\" data-elementor-post-type=\"page\">\n\t\t\t\t\t\t<section class=\"elementor-section elementor-top-section elementor-element elementor-element-23a09e8 elementor-section-boxed elementor-section-height-default elementor-section-height-default rael-particle-no tmpcoder-jarallax-no tmpcoder-parallax-no tmpcoder-particle-no tmpcoder-sticky-section-no\" data-id=\"23a09e8\" data-element_type=\"section\" data-e-type=\"section\" data-settings=\"{&quot;rae_animations_entrance&quot;:&quot;none&quot;}\">\n\t\t\t\t\t\t<div class=\"elementor-container elementor-column-gap-default\">\n\t\t\t\t\t<div class=\"elementor-column elementor-col-100 elementor-top-column elementor-element elementor-element-c4476df rael-particle-no\" data-id=\"c4476df\" data-element_type=\"column\" data-e-type=\"column\">\n\t\t\t<div class=\"elementor-widget-wrap elementor-element-populated\">\n\t\t\t\t\t\t<div class=\"elementor-element elementor-element-2f256fd elementor-widget elementor-widget-heading\" data-id=\"2f256fd\" data-element_type=\"widget\" data-e-type=\"widget\" data-widget_type=\"heading.default\">\n\t\t\t\t<div class=\"elementor-widget-container\">\n\t\t\t\t\t<h2 class=\"elementor-heading-title elementor-size-default\">Polityka prywatno\u015bci<\/h2>\t\t\t\t<\/div>\n\t\t\t\t<\/div>\n\t\t\t\t\t<\/div>\n\t\t<\/div>\n\t\t\t\t\t<\/div>\n\t\t<\/section>\n\t\t\t\t<section class=\"elementor-section elementor-top-section elementor-element elementor-element-2078ada elementor-section-boxed elementor-section-height-default elementor-section-height-default rael-particle-no tmpcoder-jarallax-no tmpcoder-parallax-no tmpcoder-particle-no tmpcoder-sticky-section-no\" data-id=\"2078ada\" data-element_type=\"section\" data-e-type=\"section\" data-settings=\"{&quot;rae_animations_entrance&quot;:&quot;none&quot;}\">\n\t\t\t\t\t\t<div class=\"elementor-container elementor-column-gap-default\">\n\t\t\t\t\t<div class=\"elementor-column elementor-col-100 elementor-top-column elementor-element elementor-element-9be3e78 rael-particle-no\" data-id=\"9be3e78\" data-element_type=\"column\" data-e-type=\"column\">\n\t\t\t<div class=\"elementor-widget-wrap elementor-element-populated\">\n\t\t\t\t\t\t<div class=\"elementor-element elementor-element-2b13050 elementor-widget elementor-widget-text-editor\" data-id=\"2b13050\" data-element_type=\"widget\" data-e-type=\"widget\" data-widget_type=\"text-editor.default\">\n\t\t\t\t<div class=\"elementor-widget-container\">\n\t\t\t\t\t\t\t\t\t<p class=\"priv-headings\">\u00a71 Administrator danych.<br \/>Administratorem Twoich danych osobowych jest: Andrzej Karalus &#8222;Sun Boat&#8221;, ul. Powidzka 16, 62-300 Gutowo ma\u0142e.\u00a0<\/p><p>\u00a72 Jakie dane zbieramy.<br \/>Na stronie sunboat.site zbieramy dane osobowe wy\u0142\u0105cznie wtedy, gdy wype\u0142niasz formularz kontaktowy: imi\u0119, adres e-mail, tre\u015b\u0107 wiadomo\u015bci (opcjonalnie inne dane, kt\u00f3re podasz w formularzu). Nie zbieramy innych danych osobowych ani nie \u015bledzimy u\u017cytkownik\u00f3w za pomoc\u0105 cookies (poza cookies technicznymi niezb\u0119dnymi do dzia\u0142ania strony).<\/p><p>\u00a73 Cel przetwarzania danych.<br \/>Dane zbierane w formularzu kontaktowym s\u0105 wykorzystywane wy\u0142\u0105cznie w celu odpowiedzi na Twoj\u0105 wiadomo\u015b\u0107 lub kontaktu w sprawie zapyta\u0144 dotycz\u0105cych naszych us\u0142ug.\u00a0<\/p><p>\u00a74 Podstawa prawna przetwarzania.<br \/>Twoje dane przetwarzamy na podstawie art. 6 ust. 1 lit. a RODO \u2013 czyli Twojej zgody wyra\u017conej poprzez wys\u0142anie formularza.<\/p><p>\u00a75 Udost\u0119pnianie danych.<br \/>Nie udost\u0119pniamy Twoich danych osobowych osobom trzecim, chyba \u017ce jest to niezb\u0119dne do obs\u0142ugi Twojego zapytania (np. kontakt telefoniczny przez firm\u0119 kuriersk\u0105) lub wymagane prawnie.<\/p><p>\u00a76 Okres przechowywania danych.\u00a0<br \/>Twoje dane osobowe przechowujemy tylko tak d\u0142ugo, jak jest to konieczne do realizacji celu, czyli odpowiadania na Twoje wiadomo\u015bci. Po zako\u0144czeniu korespondencji dane mog\u0105 by\u0107 usuni\u0119te.<\/p><p>\u00a77 Twoje prawa.<br \/>Masz prawo do dost\u0119pu do swoich danych, ich poprawiania i cofni\u0119cia zgody w dowolnym momencie.\u00a0<br \/><br \/>\u00a78 Pliki cookies.\u00a0<br \/>Nasza strona u\u017cywa plik\u00f3w cookies, kt\u00f3re mo\u017cna podzieli\u0107 na: <br \/>a) Cookies techniczne \u2013 niezb\u0119dne do dzia\u0142ania strony i formularza kontaktowego, np.: utrzymanie sesji w formularzu, zapami\u0119tywanie ustawie\u0144 strony. <br \/>b) Cookies marketingowe \/ remarketingowe \u2013 u\u017cywane w celu: wy\u015bwietlania spersonalizowanych reklam, remarketingu w sieciach reklamowych (Google Ads, Facebook Ads itp.), analizy skuteczno\u015bci kampanii marketingowych.<br \/><br \/>\u00a79 Zgoda na cookies.<br \/>Korzystaj\u0105c ze strony, mo\u017cesz wyrazi\u0107 zgod\u0119 na u\u017cywanie cookies marketingowych. Cookies techniczne s\u0105 niezb\u0119dne i zawsze w\u0142\u0105czone. Mo\u017cesz w dowolnym momencie zmieni\u0107 swoje preferencje dotycz\u0105ce cookies w ustawieniach przegl\u0105darki lub na stronie.<br \/><br \/>\u00a710 Jak zarz\u0105dza\u0107 cookies.\u00a0<br \/>Wi\u0119kszo\u015b\u0107 przegl\u0105darek umo\u017cliwia zarz\u0105dzanie cookies \u2013 mo\u017cesz je usun\u0105\u0107 lub zablokowa\u0107. Blokowanie cookies technicznych mo\u017ce uniemo\u017cliwi\u0107 prawid\u0142owe dzia\u0142anie formularza.<br \/><br \/>\u00a711 Kontakt.\u00a0<br \/>W sprawach zwi\u0105zanych z przetwarzaniem danych osobowych lub cookies prosimy o kontakt: hello@sunboat.site<\/p><p>\u00a0<\/p>\t\t\t\t\t\t\t\t<\/div>\n\t\t\t\t<\/div>\n\t\t\t\t\t<\/div>\n\t\t<\/div>\n\t\t\t\t\t<\/div>\n\t\t<\/section>\n\t\t\t\t<\/div>\n\t\t","protected":false},"excerpt":{"rendered":"<p>Polityka prywatno\u015bci \u00a71 Administrator danych.Administratorem Twoich danych osobowych jest: Andrzej Karalus &#8222;Sun Boat&#8221;, ul. Powidzka 16, 62-300 Gutowo ma\u0142e.\u00a0 \u00a72 Jakie dane zbieramy.Na stronie sunboat.site zbieramy dane osobowe wy\u0142\u0105cznie wtedy, gdy wype\u0142niasz formularz kontaktowy: imi\u0119, adres e-mail, tre\u015b\u0107 wiadomo\u015bci (opcjonalnie inne dane, kt\u00f3re podasz w formularzu). Nie zbieramy innych danych osobowych ani nie \u015bledzimy u\u017cytkownik\u00f3w [&hellip;]<\/p>\n","protected":false},"author":4,"featured_media":0,"parent":0,"menu_order":0,"comment_status":"closed","ping_status":"closed","template":"","meta":{"inline_featured_image":false,"site-sidebar-layout":"no-sidebar","site-content-layout":"page-builder","ast-site-content-layout":"full-width-container","site-content-style":"default","site-sidebar-style":"default","ast-global-header-display":"","ast-banner-title-visibility":"","ast-main-header-display":"","ast-hfb-above-header-display":"","ast-hfb-below-header-display":"","ast-hfb-mobile-header-display":"","site-post-title":"","ast-breadcrumbs-content":"","ast-featured-img":"disabled","footer-sml-layout":"","ast-disable-related-posts":"","theme-transparent-header-meta":"","adv-header-id-meta":"","stick-header-meta":"","header-above-stick-meta":"","header-main-stick-meta":"","header-below-stick-meta":"","astra-migrate-meta-layouts":"set","ast-page-background-enabled":"default","ast-page-background-meta":{"desktop":{"background-color":"","background-image":"","background-repeat":"repeat","background-position":"center center","background-size":"auto","background-attachment":"scroll","background-type":"","background-media":"","overlay-type":"","overlay-color":"","overlay-opacity":"","overlay-gradient":""},"tablet":{"background-color":"","background-image":"","background-repeat":"repeat","background-position":"center center","background-size":"auto","background-attachment":"scroll","background-type":"","background-media":"","overlay-type":"","overlay-color":"","overlay-opacity":"","overlay-gradient":""},"mobile":{"background-color":"","background-image":"","background-repeat":"repeat","background-position":"center center","background-size":"auto","background-attachment":"scroll","background-type":"","background-media":"","overlay-type":"","overlay-color":"","overlay-opacity":"","overlay-gradient":""}},"ast-content-background-meta":{"desktop":{"background-color":"var(--ast-global-color-5)","background-image":"","background-repeat":"repeat","background-position":"center center","background-size":"auto","background-attachment":"scroll","background-type":"","background-media":"","overlay-type":"","overlay-color":"","overlay-opacity":"","overlay-gradient":""},"tablet":{"background-color":"var(--ast-global-color-5)","background-image":"","background-repeat":"repeat","background-position":"center center","background-size":"auto","background-attachment":"scroll","background-type":"","background-media":"","overlay-type":"","overlay-color":"","overlay-opacity":"","overlay-gradient":""},"mobile":{"background-color":"var(--ast-global-color-5)","background-image":"","background-repeat":"repeat","background-position":"center center","background-size":"auto","background-attachment":"scroll","background-type":"","background-media":"","overlay-type":"","overlay-color":"","overlay-opacity":"","overlay-gradient":""}},"footnotes":""},"class_list":["post-3857","page","type-page","status-publish","hentry"],"yoast_head":"<!-- This site is optimized with the Yoast SEO plugin v27.4 - https:\/\/yoast.com\/product\/yoast-seo-wordpress\/ -->\n<title>Polityka prywatno\u015bci - Sun Boat<\/title>\n<meta name=\"robots\" content=\"index, follow, max-snippet:-1, max-image-preview:large, max-video-preview:-1\" \/>\n<link rel=\"canonical\" href=\"https:\/\/sunboat.site\/pl\/polityka-prywatnosci\/\" \/>\n<meta property=\"og:locale\" content=\"pl_PL\" \/>\n<meta property=\"og:type\" content=\"article\" \/>\n<meta property=\"og:title\" content=\"Polityka prywatno\u015bci - Sun Boat\" \/>\n<meta property=\"og:description\" content=\"Polityka prywatno\u015bci \u00a71 Administrator danych.Administratorem Twoich danych osobowych jest: Andrzej Karalus &#8222;Sun Boat&#8221;, ul. Powidzka 16, 62-300 Gutowo ma\u0142e.\u00a0 \u00a72 Jakie dane zbieramy.Na stronie sunboat.site zbieramy dane osobowe wy\u0142\u0105cznie wtedy, gdy wype\u0142niasz formularz kontaktowy: imi\u0119, adres e-mail, tre\u015b\u0107 wiadomo\u015bci (opcjonalnie inne dane, kt\u00f3re podasz w formularzu). Nie zbieramy innych danych osobowych ani nie \u015bledzimy u\u017cytkownik\u00f3w [&hellip;]\" \/>\n<meta property=\"og:url\" content=\"https:\/\/sunboat.site\/pl\/polityka-prywatnosci\/\" \/>\n<meta property=\"og:site_name\" content=\"Sun Boat\" \/>\n<meta property=\"article:publisher\" content=\"https:\/\/www.facebook.com\/profile.php?id=100067520797070\" \/>\n<meta property=\"article:modified_time\" content=\"2026-03-26T13:52:05+00:00\" \/>\n<meta name=\"twitter:card\" content=\"summary_large_image\" \/>\n<meta name=\"twitter:label1\" content=\"Szacowany czas czytania\" \/>\n\t<meta name=\"twitter:data1\" content=\"2 minuty\" \/>\n<script type=\"application\/ld+json\" class=\"yoast-schema-graph\">{\"@context\":\"https:\\\/\\\/schema.org\",\"@graph\":[{\"@type\":\"WebPage\",\"@id\":\"https:\\\/\\\/sunboat.site\\\/pl\\\/polityka-prywatnosci\\\/\",\"url\":\"https:\\\/\\\/sunboat.site\\\/pl\\\/polityka-prywatnosci\\\/\",\"name\":\"Polityka prywatno\u015bci - Sun Boat\",\"isPartOf\":{\"@id\":\"https:\\\/\\\/sunboat.site\\\/pl\\\/#website\"},\"datePublished\":\"2026-02-09T08:43:02+00:00\",\"dateModified\":\"2026-03-26T13:52:05+00:00\",\"breadcrumb\":{\"@id\":\"https:\\\/\\\/sunboat.site\\\/pl\\\/polityka-prywatnosci\\\/#breadcrumb\"},\"inLanguage\":\"pl-PL\",\"potentialAction\":[{\"@type\":\"ReadAction\",\"target\":[\"https:\\\/\\\/sunboat.site\\\/pl\\\/polityka-prywatnosci\\\/\"]}]},{\"@type\":\"BreadcrumbList\",\"@id\":\"https:\\\/\\\/sunboat.site\\\/pl\\\/polityka-prywatnosci\\\/#breadcrumb\",\"itemListElement\":[{\"@type\":\"ListItem\",\"position\":1,\"name\":\"Strona g\u0142\u00f3wna\",\"item\":\"https:\\\/\\\/sunboat.site\\\/pl\\\/\"},{\"@type\":\"ListItem\",\"position\":2,\"name\":\"Polityka prywatno\u015bci\"}]},{\"@type\":\"WebSite\",\"@id\":\"https:\\\/\\\/sunboat.site\\\/pl\\\/#website\",\"url\":\"https:\\\/\\\/sunboat.site\\\/pl\\\/\",\"name\":\"Sun Boat\",\"description\":\"Motor\u00f3wki elektryczne z energi\u0105 s\u0142oneczn\u0105\",\"publisher\":{\"@id\":\"https:\\\/\\\/sunboat.site\\\/pl\\\/#organization\"},\"potentialAction\":[{\"@type\":\"SearchAction\",\"target\":{\"@type\":\"EntryPoint\",\"urlTemplate\":\"https:\\\/\\\/sunboat.site\\\/pl\\\/?s={search_term_string}\"},\"query-input\":{\"@type\":\"PropertyValueSpecification\",\"valueRequired\":true,\"valueName\":\"search_term_string\"}}],\"inLanguage\":\"pl-PL\"},{\"@type\":\"Organization\",\"@id\":\"https:\\\/\\\/sunboat.site\\\/pl\\\/#organization\",\"name\":\"Sun Boat\",\"alternateName\":\"Sun Boat\",\"url\":\"https:\\\/\\\/sunboat.site\\\/pl\\\/\",\"logo\":{\"@type\":\"ImageObject\",\"inLanguage\":\"pl-PL\",\"@id\":\"https:\\\/\\\/sunboat.site\\\/pl\\\/#\\\/schema\\\/logo\\\/image\\\/\",\"url\":\"https:\\\/\\\/sunboat.site\\\/wp-content\\\/uploads\\\/2025\\\/02\\\/cropped-LOGO-1.png\",\"contentUrl\":\"https:\\\/\\\/sunboat.site\\\/wp-content\\\/uploads\\\/2025\\\/02\\\/cropped-LOGO-1.png\",\"width\":550,\"height\":550,\"caption\":\"Sun Boat\"},\"image\":{\"@id\":\"https:\\\/\\\/sunboat.site\\\/pl\\\/#\\\/schema\\\/logo\\\/image\\\/\"},\"sameAs\":[\"https:\\\/\\\/www.facebook.com\\\/profile.php?id=100067520797070\",\"https:\\\/\\\/www.instagram.com\\\/sun_boat_przybrodzin\\\/\"]}]}<\/script>\n<!-- \/ Yoast SEO plugin. -->","yoast_head_json":{"title":"Polityka prywatno\u015bci - Sun Boat","robots":{"index":"index","follow":"follow","max-snippet":"max-snippet:-1","max-image-preview":"max-image-preview:large","max-video-preview":"max-video-preview:-1"},"canonical":"https:\/\/sunboat.site\/pl\/polityka-prywatnosci\/","og_locale":"pl_PL","og_type":"article","og_title":"Polityka prywatno\u015bci - Sun Boat","og_description":"Polityka prywatno\u015bci \u00a71 Administrator danych.Administratorem Twoich danych osobowych jest: Andrzej Karalus &#8222;Sun Boat&#8221;, ul. Powidzka 16, 62-300 Gutowo ma\u0142e.\u00a0 \u00a72 Jakie dane zbieramy.Na stronie sunboat.site zbieramy dane osobowe wy\u0142\u0105cznie wtedy, gdy wype\u0142niasz formularz kontaktowy: imi\u0119, adres e-mail, tre\u015b\u0107 wiadomo\u015bci (opcjonalnie inne dane, kt\u00f3re podasz w formularzu). Nie zbieramy innych danych osobowych ani nie \u015bledzimy u\u017cytkownik\u00f3w [&hellip;]","og_url":"https:\/\/sunboat.site\/pl\/polityka-prywatnosci\/","og_site_name":"Sun Boat","article_publisher":"https:\/\/www.facebook.com\/profile.php?id=100067520797070","article_modified_time":"2026-03-26T13:52:05+00:00","twitter_card":"summary_large_image","twitter_misc":{"Szacowany czas czytania":"2 minuty"},"schema":{"@context":"https:\/\/schema.org","@graph":[{"@type":"WebPage","@id":"https:\/\/sunboat.site\/pl\/polityka-prywatnosci\/","url":"https:\/\/sunboat.site\/pl\/polityka-prywatnosci\/","name":"Polityka prywatno\u015bci - Sun Boat","isPartOf":{"@id":"https:\/\/sunboat.site\/pl\/#website"},"datePublished":"2026-02-09T08:43:02+00:00","dateModified":"2026-03-26T13:52:05+00:00","breadcrumb":{"@id":"https:\/\/sunboat.site\/pl\/polityka-prywatnosci\/#breadcrumb"},"inLanguage":"pl-PL","potentialAction":[{"@type":"ReadAction","target":["https:\/\/sunboat.site\/pl\/polityka-prywatnosci\/"]}]},{"@type":"BreadcrumbList","@id":"https:\/\/sunboat.site\/pl\/polityka-prywatnosci\/#breadcrumb","itemListElement":[{"@type":"ListItem","position":1,"name":"Strona g\u0142\u00f3wna","item":"https:\/\/sunboat.site\/pl\/"},{"@type":"ListItem","position":2,"name":"Polityka prywatno\u015bci"}]},{"@type":"WebSite","@id":"https:\/\/sunboat.site\/pl\/#website","url":"https:\/\/sunboat.site\/pl\/","name":"Sun Boat","description":"Motor\u00f3wki elektryczne z energi\u0105 s\u0142oneczn\u0105","publisher":{"@id":"https:\/\/sunboat.site\/pl\/#organization"},"potentialAction":[{"@type":"SearchAction","target":{"@type":"EntryPoint","urlTemplate":"https:\/\/sunboat.site\/pl\/?s={search_term_string}"},"query-input":{"@type":"PropertyValueSpecification","valueRequired":true,"valueName":"search_term_string"}}],"inLanguage":"pl-PL"},{"@type":"Organization","@id":"https:\/\/sunboat.site\/pl\/#organization","name":"Sun Boat","alternateName":"Sun Boat","url":"https:\/\/sunboat.site\/pl\/","logo":{"@type":"ImageObject","inLanguage":"pl-PL","@id":"https:\/\/sunboat.site\/pl\/#\/schema\/logo\/image\/","url":"https:\/\/sunboat.site\/wp-content\/uploads\/2025\/02\/cropped-LOGO-1.png","contentUrl":"https:\/\/sunboat.site\/wp-content\/uploads\/2025\/02\/cropped-LOGO-1.png","width":550,"height":550,"caption":"Sun Boat"},"image":{"@id":"https:\/\/sunboat.site\/pl\/#\/schema\/logo\/image\/"},"sameAs":["https:\/\/www.facebook.com\/profile.php?id=100067520797070","https:\/\/www.instagram.com\/sun_boat_przybrodzin\/"]}]}},"_links":{"self":[{"href":"https:\/\/sunboat.site\/pl\/wp-json\/wp\/v2\/pages\/3857","targetHints":{"allow":["GET"]}}],"collection":[{"href":"https:\/\/sunboat.site\/pl\/wp-json\/wp\/v2\/pages"}],"about":[{"href":"https:\/\/sunboat.site\/pl\/wp-json\/wp\/v2\/types\/page"}],"author":[{"embeddable":true,"href":"https:\/\/sunboat.site\/pl\/wp-json\/wp\/v2\/users\/4"}],"replies":[{"embeddable":true,"href":"https:\/\/sunboat.site\/pl\/wp-json\/wp\/v2\/comments?post=3857"}],"version-history":[{"count":12,"href":"https:\/\/sunboat.site\/pl\/wp-json\/wp\/v2\/pages\/3857\/revisions"}],"predecessor-version":[{"id":4721,"href":"https:\/\/sunboat.site\/pl\/wp-json\/wp\/v2\/pages\/3857\/revisions\/4721"}],"wp:attachment":[{"href":"https:\/\/sunboat.site\/pl\/wp-json\/wp\/v2\/media?parent=3857"}],"curies":[{"name":"wp","href":"https:\/\/api.w.org\/{rel}","templated":true}]}} 